{"id":906,"date":"2021-03-30T09:15:49","date_gmt":"2021-03-30T09:15:49","guid":{"rendered":"https:\/\/www.vinoapartman.com\/?page_id=906"},"modified":"2021-04-08T08:00:32","modified_gmt":"2021-04-08T08:00:32","slug":"kisfaludy-programme","status":"publish","type":"page","link":"https:\/\/www.vinoapartman.com\/en\/kisfaludy-program\/","title":{"rendered":"Kisfaludy programme"},"content":{"rendered":"<p>[et_pb_section fb_built=&#8221;1&#8243; admin_label=&#8221;Header&#8221; _builder_version=&#8221;3.22&#8243; use_background_color_gradient=&#8221;on&#8221; background_color_gradient_start=&#8221;rgba(255,255,255,0.89)&#8221; background_color_gradient_end=&#8221;rgba(255,255,255,0)&#8221; background_color_gradient_type=&#8221;radial&#8221; background_color_gradient_direction_radial=&#8221;top left&#8221; background_color_gradient_start_position=&#8221;30%&#8221; background_color_gradient_end_position=&#8221;80%&#8221; background_color_gradient_overlays_image=&#8221;on&#8221; background_image=&#8221;https:\/\/www.vinoapartman.com\/wp-content\/uploads\/2018\/10\/IMG_0593.jpg&#8221; custom_padding=&#8221;8vw|0px|0|0px|false|false&#8221; locked=&#8221;off&#8221;][et_pb_row _builder_version=&#8221;3.25&#8243;][et_pb_column type=&#8221;4_4&#8243; _builder_version=&#8221;3.25&#8243; custom_padding=&#8221;|||&#8221; custom_padding__hover=&#8221;|||&#8221;][et_pb_text _builder_version=&#8221;4.9.1&#8243; text_font=&#8221;||||||||&#8221; header_font=&#8221;Catamaran|700|||||||&#8221; header_text_color=&#8221;#4e1422&#8243; header_font_size=&#8221;80px&#8221; header_line_height=&#8221;1.2em&#8221; header_5_font=&#8221;Raleway|700||on|||||&#8221; header_5_text_color=&#8221;#000000&#8243; header_5_font_size=&#8221;20px&#8221; header_5_letter_spacing=&#8221;0.5em&#8221; header_5_line_height=&#8221;1.8em&#8221; animation_style=&#8221;zoom&#8221; animation_intensity_zoom=&#8221;5%&#8221; header_font_size_tablet=&#8221;48px&#8221; header_font_size_phone=&#8221;32px&#8221; header_font_size_last_edited=&#8221;on|phone&#8221; header_5_font_size_tablet=&#8221;14px&#8221; header_5_font_size_phone=&#8221;12px&#8221; header_5_font_size_last_edited=&#8221;on|desktop&#8221;]<\/p>\n<h5><\/h5>\n<h1>Kisfaludy program<\/h1>\n<p>[\/et_pb_text][\/et_pb_column][\/et_pb_row][et_pb_row column_structure=&#8221;1_3,1_3,1_3&#8243; make_equal=&#8221;on&#8221; custom_padding_last_edited=&#8221;on|desktop&#8221; _builder_version=&#8221;3.25&#8243; background_color=&#8221;#ffffff&#8221; use_background_color_gradient=&#8221;on&#8221; background_color_gradient_start=&#8221;#e0d1ba&#8221; background_color_gradient_end=&#8221;#e0d1ba&#8221; width=&#8221;100%&#8221; max_width=&#8221;100%&#8221; module_alignment=&#8221;left&#8221; custom_margin=&#8221;8vw||||false&#8221; custom_padding=&#8221;0|0px|0px|15vw|false|false&#8221; custom_padding_tablet=&#8221;|||10vw&#8221; custom_padding_phone=&#8221;&#8221; animation_style=&#8221;slide&#8221; animation_direction=&#8221;left&#8221; animation_intensity_slide=&#8221;5%&#8221; use_custom_width=&#8221;on&#8221; width_unit=&#8221;off&#8221; custom_width_percent=&#8221;100%&#8221; locked=&#8221;off&#8221;][et_pb_column type=&#8221;1_3&#8243; _builder_version=&#8221;3.25&#8243; custom_padding=&#8221;74px|||&#8221; custom_padding_tablet=&#8221;40px|||&#8221; custom_padding_phone=&#8221;20px|||&#8221; custom_padding_last_edited=&#8221;off|desktop&#8221; padding_phone=&#8221;20px|||&#8221; padding_tablet=&#8221;40px|||&#8221; padding_last_edited=&#8221;off|desktop&#8221; custom_padding__hover=&#8221;|||&#8221;][et_pb_blurb title=&#8221;Vino Apartman \u00e9s ForYou Apartmanok&#8221; use_icon=&#8221;on&#8221; font_icon=&#8221;%%249%%&#8221; icon_color=&#8221;#4e1422&#8243; icon_placement=&#8221;left&#8221; use_icon_font_size=&#8221;on&#8221; icon_font_size=&#8221;24px&#8221; _builder_version=&#8221;4.7.1&#8243; header_level=&#8221;h5&#8243; header_font=&#8221;Catamaran|700|||||||&#8221; header_text_color=&#8221;#4e1422&#8243; header_line_height=&#8221;1.4em&#8221; locked=&#8221;off&#8221;][\/et_pb_blurb][\/et_pb_column][et_pb_column type=&#8221;1_3&#8243; _builder_version=&#8221;3.25&#8243; custom_padding=&#8221;74px|||&#8221; custom_padding_tablet=&#8221;40px|||&#8221; custom_padding_phone=&#8221;20px|||&#8221; custom_padding_last_edited=&#8221;off|desktop&#8221; padding_phone=&#8221;20px|||&#8221; padding_tablet=&#8221;40px|||&#8221; padding_last_edited=&#8221;off|desktop&#8221; custom_padding__hover=&#8221;|||&#8221;][et_pb_blurb title=&#8221;+36 70 339 2337&#8243; use_icon=&#8221;on&#8221; font_icon=&#8221;%%264%%&#8221; icon_color=&#8221;#4e1422&#8243; icon_placement=&#8221;left&#8221; use_icon_font_size=&#8221;on&#8221; icon_font_size=&#8221;24px&#8221; _builder_version=&#8221;4.7.0&#8243; header_level=&#8221;h5&#8243; header_font=&#8221;Catamaran|700|||||||&#8221; header_text_color=&#8221;#4e1422&#8243; header_line_height=&#8221;1.4em&#8221; locked=&#8221;off&#8221;][\/et_pb_blurb][\/et_pb_column][et_pb_column type=&#8221;1_3&#8243; _builder_version=&#8221;3.25&#8243; custom_padding=&#8221;74px|||&#8221; custom_padding_tablet=&#8221;40px|||&#8221; custom_padding_phone=&#8221;20px|||&#8221; custom_padding_last_edited=&#8221;off|desktop&#8221; padding_phone=&#8221;20px|||&#8221; padding_tablet=&#8221;40px|||&#8221; padding_last_edited=&#8221;off|desktop&#8221; custom_padding__hover=&#8221;|||&#8221;][et_pb_blurb title=&#8221;+36 70 334 6277&#8243; use_icon=&#8221;on&#8221; font_icon=&#8221;%%264%%&#8221; icon_color=&#8221;#4e1422&#8243; icon_placement=&#8221;left&#8221; use_icon_font_size=&#8221;on&#8221; icon_font_size=&#8221;24px&#8221; _builder_version=&#8221;3.17.2&#8243; header_level=&#8221;h5&#8243; header_font=&#8221;Catamaran|700|||||||&#8221; header_text_color=&#8221;#4e1422&#8243; header_line_height=&#8221;1.4em&#8221; locked=&#8221;off&#8221;][\/et_pb_blurb][\/et_pb_column][\/et_pb_row][\/et_pb_section][et_pb_section fb_built=&#8221;1&#8243; _builder_version=&#8221;4.9.1&#8243; _module_preset=&#8221;default&#8221;][et_pb_row _builder_version=&#8221;4.9.1&#8243; _module_preset=&#8221;default&#8221;][et_pb_column type=&#8221;4_4&#8243; _builder_version=&#8221;4.9.1&#8243; _module_preset=&#8221;default&#8221;][et_pb_text _builder_version=&#8221;4.9.3&#8243; _module_preset=&#8221;default&#8221; hover_enabled=&#8221;0&#8243; sticky_enabled=&#8221;0&#8243;]<\/p>\n<h1 style=\"text-align: center;\">Kisfaludy program<\/h1>\n<p>Kisfaludy Sz\u00e1ll\u00e1shelyfejleszt\u00e9si Konstrukci\u00f3\u2013 mag\u00e1nsz\u00e1ll\u00e1shelyek \u00e9s egy\u00e9b sz\u00e1ll\u00e1shelyek fejleszt\u00e9se<br \/>P\u00e1ly\u00e1zati azonos\u00edt\u00f3: TFC-M-1.1.2-2020<\/p>\n<p>A p\u00e1ly\u00e1zat alapvet\u0151 c\u00e9lja: A konstrukci\u00f3 c\u00e9lja a turisztikai vonzer\u0151kh\u00f6z kapcsol\u00f3d\u00f3 \u00e9s a turisztikai vonzer\u0151k k\u00f6zel\u00e9ben tal\u00e1lhat\u00f3 mag\u00e1nsz\u00e1ll\u00e1shelyek \u00e9s egy\u00e9b sz\u00e1ll\u00e1shelyek \u00e1ltal\u00e1nos min\u0151s\u00e9g\u00e9nek \u00e9s szolg\u00e1ltat\u00e1si sz\u00ednvonal\u00e1nak emel\u00e9se, a sz\u00e1ll\u00e1shely m\u0171k\u00f6d\u00e9s\u00e9b\u0151l sz\u00e1rmaz\u00f3 \u00e1rbev\u00e9tel \u00e1ltal a profitabilit\u00e1s \u00e9s a fenntarthat\u00f3s\u00e1g n\u00f6vel\u00e9se, a turisztikai szektor ad\u00f3fizet\u00e9si k\u00e9pess\u00e9g\u00e9nek er\u0151s\u00edt\u00e9se, az ad\u00f3fizet\u00e9si mor\u00e1l jav\u00edt\u00e1sa. Annak \u00e9rdek\u00e9ben, hogy a magyarorsz\u00e1gi sz\u00e1ll\u00e1shelyek \u00e9s desztin\u00e1ci\u00f3k meg tudjanak felelni a modern, XXI. sz\u00e1zadi turizmus kih\u00edv\u00e1sainak \u00e9s a vend\u00e9gek ig\u00e9nyeinek, elengedhetetlen a sz\u00fcks\u00e9ges, fenntarthat\u00f3 \u00e9s min\u0151s\u00e9gi sz\u00e1ll\u00e1shelyk\u00edn\u00e1lat biztos\u00edt\u00e1sa. A szolg\u00e1ltat\u00e1s min\u0151s\u00e9ge \u00e9s k\u00edn\u00e1lata sz\u00e1ll\u00e1shely kateg\u00f3ri\u00e1nk\u00e9nt v\u00e1ltozhat \u00e9s elt\u00e9r\u0151 lehet, ugyanakkor tekintettel arra, hogy sok esetben ezek a v\u00e1ltoztat\u00e1sok kiz\u00e1r\u00f3lag \u00f6ner\u0151b\u0151l nem teljes\u00fclhetnek, jelen ki\u00edr\u00e1s c\u00e9lja olyan t\u00e1mogat\u00e1si konstrukci\u00f3 rendelkez\u00e9sre bocs\u00e1t\u00e1sa, amely lehet\u0151v\u00e9 teszi a mag\u00e1nsz\u00e1ll\u00e1shelyeken \u00e9s egy\u00e9b sz\u00e1ll\u00e1shelyeken a min\u0151s\u00e9gi szolg\u00e1ltat\u00e1si szint emel\u00e9s\u00e9t.<\/p>\n<p>R\u00e9szletes c\u00e9lok:<\/p>\n<p>szolg\u00e1ltat\u00e1si sz\u00ednvonal emel\u00e9se (sz\u00e1ll\u00e1shelyek sz\u00ednvonal\u00e1nak, komfortfokozat\u00e1nak fejleszt\u00e9se, tematikus, pl. csal\u00e1dbar\u00e1t szolg\u00e1ltat\u00e1sok kialak\u00edt\u00e1sa);<br \/>sz\u00e1ll\u00e1shelyek \u00fczemeltet\u00e9si hat\u00e9konys\u00e1g\u00e1nak jav\u00edt\u00e1s\u00e1t szolg\u00e1l\u00f3 fejleszt\u00e9sek megval\u00f3s\u00edt\u00e1sa (energetikai beruh\u00e1z\u00e1sok\/szolg\u00e1ltat\u00e1sok megval\u00f3s\u00edt\u00e1sa);<br \/>az \u00e9rintett desztin\u00e1ci\u00f3kban a vend\u00e9gek \u00e9s a vend\u00e9g\u00e9jszak\u00e1k sz\u00e1m\u00e1nak n\u00f6vel\u00e9se, illetve az adott desztin\u00e1ci\u00f3 jellege miatt szezon\u00e1lisan m\u0171k\u00f6d\u0151 egys\u00e9gekn\u00e9l a szezon meghosszabb\u00edt\u00e1sa, vagy a szezonalit\u00e1s egyenetlens\u00e9g\u00e9nek kezel\u00e9se;<br \/>szolg\u00e1ltat\u00f3k folyamatos, \u00e9ves m\u0171k\u00f6d\u00e9s\u00e9nek biztos\u00edt\u00e1sa;<br \/>a projektek megval\u00f3s\u00edt\u00e1s\u00e1n kereszt\u00fcl munkahelyek teremt\u00e9se \u00e9s a megl\u00e9v\u0151 munkaer\u0151 megtart\u00e1sa.<br \/>A projektek eset\u00e9ben kiemelt figyelmet kell ford\u00edtani arra, hogy a szolg\u00e1ltat\u00e1sfejleszt\u00e9s, moderniz\u00e1ci\u00f3 r\u00e9v\u00e9n l\u00e9trej\u00f6v\u0151, meg\u00fajul\u00f3 \u00e9s kib\u0151v\u00fcl\u0151 sz\u00e1ll\u00e1shelyek k\u00e9pesek legyenek:<\/p>\n<p>oldani a szezonalit\u00e1sb\u00f3l fakad\u00f3 egyenetlens\u00e9geket;<br \/>k\u00e9pesek legyenek folyamatos m\u0171k\u00f6d\u00e9s biztos\u00edt\u00e1s\u00e1ra, ez\u00e1ltal helyi ad\u00f3k \u00e9s egy\u00e9b k\u00f6zterhek teljes\u00edt\u00e9s\u00e9re.<\/p>\n<p>VINO APARTMAN<br \/>3300 Eger Zseb k\u00f6z 1<br \/>Projekt azonos\u00edt\u00f3 sz\u00e1ma: TFC-M-1.1.2-2020<br \/>T\u00e1mogat\u00e1s \u00f6sszege: 1 000 000 Ft<br \/>T\u00e1mogat\u00e1s m\u00e9rt\u00e9ke: 100%<\/p>\n<p>FORYOU APARTMANOK<br \/>3300 Eger Torok k\u00f6z 4<br \/>Projekt azonos\u00edt\u00f3 sz\u00e1ma : TFC-M-1.1.2-2020<br \/>T\u00e1mogat\u00e1s \u00f6sszege: 3 000 000 Ft<br \/>T\u00e1mogat\u00e1s m\u00e9rt\u00e9ke: 100%<\/p>\n<p>Megl\u00e9v\u0151 sz\u00e1ll\u00e1shelyek k\u00fcls\u0151 \u00e9s bels\u0151 megjelen\u00e9s\u00e9nek, bels\u0151\u00e9p\u00edt\u00e9szeti arculat\u00e1nak, min\u0151s\u00e9g\u00e9nek fejleszt\u00e9s\u00e9re, a sz\u00e1ll\u00e1shelyek szob\u00e1inak \u00e9s kapcsol\u00f3d\u00f3 helyis\u00e9geinek \u00e1talak\u00edt\u00e1s\u00e1ra, fel\u00faj\u00edt\u00e1s\u00e1ra ir\u00e1nyul\u00f3 tev\u00e9kenys\u00e9gek. Sz\u00e1ll\u00e1shely szolg\u00e1ltat\u00e1shoz k\u00f6zvetlen\u00fcl kapcsol\u00f3d\u00f3 eszk\u00f6z\u00f6k beszerz\u00e9se. K\u00fclt\u00e9ri beruh\u00e1z\u00e1sok.<\/p>\n<p>A t\u00e1mogatott projekt a Kisfaludy Turisztikai Fejleszt\u00e9si Program keret\u00e9ben val\u00f3sult meg.<\/p>\n<p>[\/et_pb_text][\/et_pb_column][\/et_pb_row][et_pb_row _builder_version=&#8221;4.9.1&#8243; _module_preset=&#8221;default&#8221;][et_pb_column type=&#8221;4_4&#8243; _builder_version=&#8221;4.9.1&#8243; _module_preset=&#8221;default&#8221;][et_pb_image src=&#8221;https:\/\/www.vinoapartman.com\/wp-content\/uploads\/2021\/03\/kisfaludy-program-foryou-apartman-2021-scaled.jpg&#8221; title_text=&#8221;kisfaludy-program-foryou-apartman-2021&#8243; align=&#8221;center&#8221; _builder_version=&#8221;4.9.1&#8243; _module_preset=&#8221;default&#8221;][\/et_pb_image][\/et_pb_column][\/et_pb_row][\/et_pb_section][et_pb_section fb_built=&#8221;1&#8243; _builder_version=&#8221;4.9.1&#8243; _module_preset=&#8221;default&#8221;][et_pb_row _builder_version=&#8221;4.9.1&#8243; _module_preset=&#8221;default&#8221;][et_pb_column type=&#8221;4_4&#8243; _builder_version=&#8221;4.9.1&#8243; _module_preset=&#8221;default&#8221;][et_pb_image src=&#8221;https:\/\/www.vinoapartman.com\/wp-content\/uploads\/2021\/03\/kisfaludy-program-vino-apartman-2021-scaled.jpg&#8221; title_text=&#8221;kisfaludy-program-vino-apartman-2021&#8243; _builder_version=&#8221;4.9.1&#8243; _module_preset=&#8221;default&#8221;][\/et_pb_image][\/et_pb_column][\/et_pb_row][\/et_pb_section]<\/p>\n","protected":false},"excerpt":{"rendered":"<p>Kisfaludy programKisfaludy program Kisfaludy Sz\u00e1ll\u00e1shelyfejleszt\u00e9si Konstrukci\u00f3\u2013 mag\u00e1nsz\u00e1ll\u00e1shelyek \u00e9s egy\u00e9b sz\u00e1ll\u00e1shelyek fejleszt\u00e9seP\u00e1ly\u00e1zati azonos\u00edt\u00f3: TFC-M-1.1.2-2020 A p\u00e1ly\u00e1zat alapvet\u0151 c\u00e9lja: A konstrukci\u00f3 c\u00e9lja a turisztikai vonzer\u0151kh\u00f6z kapcsol\u00f3d\u00f3 \u00e9s a turisztikai vonzer\u0151k k\u00f6zel\u00e9ben tal\u00e1lhat\u00f3 mag\u00e1nsz\u00e1ll\u00e1shelyek \u00e9s egy\u00e9b sz\u00e1ll\u00e1shelyek \u00e1ltal\u00e1nos min\u0151s\u00e9g\u00e9nek \u00e9s szolg\u00e1ltat\u00e1si sz\u00ednvonal\u00e1nak emel\u00e9se, a sz\u00e1ll\u00e1shely m\u0171k\u00f6d\u00e9s\u00e9b\u0151l sz\u00e1rmaz\u00f3 \u00e1rbev\u00e9tel \u00e1ltal a profitabilit\u00e1s \u00e9s a fenntarthat\u00f3s\u00e1g n\u00f6vel\u00e9se, a turisztikai szektor ad\u00f3fizet\u00e9si k\u00e9pess\u00e9g\u00e9nek er\u0151s\u00edt\u00e9se, az ad\u00f3fizet\u00e9si mor\u00e1l jav\u00edt\u00e1sa. Annak \u00e9rdek\u00e9ben, hogy a magyarorsz\u00e1gi sz\u00e1ll\u00e1shelyek \u00e9s desztin\u00e1ci\u00f3k meg tudjanak felelni a modern, XXI. sz\u00e1zadi turizmus kih\u00edv\u00e1sainak \u00e9s a vend\u00e9gek ig\u00e9nyeinek, elengedhetetlen a sz\u00fcks\u00e9ges, fenntarthat\u00f3 \u00e9s min\u0151s\u00e9gi sz\u00e1ll\u00e1shelyk\u00edn\u00e1lat biztos\u00edt\u00e1sa. A szolg\u00e1ltat\u00e1s min\u0151s\u00e9ge \u00e9s k\u00edn\u00e1lata sz\u00e1ll\u00e1shely kateg\u00f3ri\u00e1nk\u00e9nt v\u00e1ltozhat \u00e9s elt\u00e9r\u0151 lehet, ugyanakkor tekintettel arra, hogy sok esetben ezek a v\u00e1ltoztat\u00e1sok kiz\u00e1r\u00f3lag \u00f6ner\u0151b\u0151l nem teljes\u00fclhetnek, jelen ki\u00edr\u00e1s c\u00e9lja olyan t\u00e1mogat\u00e1si konstrukci\u00f3 rendelkez\u00e9sre bocs\u00e1t\u00e1sa, amely lehet\u0151v\u00e9 teszi a mag\u00e1nsz\u00e1ll\u00e1shelyeken \u00e9s egy\u00e9b sz\u00e1ll\u00e1shelyeken a min\u0151s\u00e9gi szolg\u00e1ltat\u00e1si szint emel\u00e9s\u00e9t. R\u00e9szletes c\u00e9lok: szolg\u00e1ltat\u00e1si sz\u00ednvonal emel\u00e9se (sz\u00e1ll\u00e1shelyek sz\u00ednvonal\u00e1nak, komfortfokozat\u00e1nak fejleszt\u00e9se, tematikus, pl. csal\u00e1dbar\u00e1t szolg\u00e1ltat\u00e1sok kialak\u00edt\u00e1sa);sz\u00e1ll\u00e1shelyek \u00fczemeltet\u00e9si hat\u00e9konys\u00e1g\u00e1nak jav\u00edt\u00e1s\u00e1t szolg\u00e1l\u00f3 fejleszt\u00e9sek megval\u00f3s\u00edt\u00e1sa (energetikai beruh\u00e1z\u00e1sok\/szolg\u00e1ltat\u00e1sok megval\u00f3s\u00edt\u00e1sa);az \u00e9rintett desztin\u00e1ci\u00f3kban a vend\u00e9gek \u00e9s a vend\u00e9g\u00e9jszak\u00e1k sz\u00e1m\u00e1nak n\u00f6vel\u00e9se, illetve az adott desztin\u00e1ci\u00f3 jellege miatt szezon\u00e1lisan m\u0171k\u00f6d\u0151 egys\u00e9gekn\u00e9l a szezon meghosszabb\u00edt\u00e1sa, vagy a szezonalit\u00e1s egyenetlens\u00e9g\u00e9nek kezel\u00e9se;szolg\u00e1ltat\u00f3k folyamatos, \u00e9ves m\u0171k\u00f6d\u00e9s\u00e9nek biztos\u00edt\u00e1sa;a projektek megval\u00f3s\u00edt\u00e1s\u00e1n kereszt\u00fcl munkahelyek teremt\u00e9se \u00e9s a megl\u00e9v\u0151 munkaer\u0151 megtart\u00e1sa.A projektek [&hellip;]<\/p>\n","protected":false},"author":3,"featured_media":0,"parent":0,"menu_order":0,"comment_status":"closed","ping_status":"closed","template":"","meta":{"_et_pb_use_builder":"on","_et_pb_old_content":"","_et_gb_content_width":"","footnotes":""},"class_list":["post-906","page","type-page","status-publish","hentry"],"_links":{"self":[{"href":"https:\/\/www.vinoapartman.com\/en\/wp-json\/wp\/v2\/pages\/906","targetHints":{"allow":["GET"]}}],"collection":[{"href":"https:\/\/www.vinoapartman.com\/en\/wp-json\/wp\/v2\/pages"}],"about":[{"href":"https:\/\/www.vinoapartman.com\/en\/wp-json\/wp\/v2\/types\/page"}],"author":[{"embeddable":true,"href":"https:\/\/www.vinoapartman.com\/en\/wp-json\/wp\/v2\/users\/3"}],"replies":[{"embeddable":true,"href":"https:\/\/www.vinoapartman.com\/en\/wp-json\/wp\/v2\/comments?post=906"}],"version-history":[{"count":4,"href":"https:\/\/www.vinoapartman.com\/en\/wp-json\/wp\/v2\/pages\/906\/revisions"}],"predecessor-version":[{"id":918,"href":"https:\/\/www.vinoapartman.com\/en\/wp-json\/wp\/v2\/pages\/906\/revisions\/918"}],"wp:attachment":[{"href":"https:\/\/www.vinoapartman.com\/en\/wp-json\/wp\/v2\/media?parent=906"}],"curies":[{"name":"wp","href":"https:\/\/api.w.org\/{rel}","templated":true}]}}