{"id":814,"date":"2021-01-20T12:48:23","date_gmt":"2021-01-20T12:48:23","guid":{"rendered":"https:\/\/www.vinoapartman.com\/?page_id=814"},"modified":"2025-03-26T18:37:42","modified_gmt":"2025-03-26T17:37:42","slug":"read-about-strawberries","status":"publish","type":"page","link":"https:\/\/www.vinoapartman.com\/en\/olvasson-egerrol\/","title":{"rendered":"About Eger"},"content":{"rendered":"<p>[et_pb_section fb_built=&#8221;1&#8243; admin_label=&#8221;Header&#8221; _builder_version=&#8221;4.27.4&#8243; use_background_color_gradient=&#8221;on&#8221; background_color_gradient_type=&#8221;circular&#8221; background_color_gradient_direction_radial=&#8221;top left&#8221; background_color_gradient_stops=&#8221;rgba(255,255,255,0.89) 30%|rgba(255,255,255,0) 80%&#8221; background_color_gradient_overlays_image=&#8221;on&#8221; background_color_gradient_start=&#8221;rgba(255,255,255,0.89)&#8221; background_color_gradient_start_position=&#8221;30%&#8221; background_color_gradient_end=&#8221;rgba(255,255,255,0)&#8221; background_color_gradient_end_position=&#8221;80%&#8221; background_image=&#8221;https:\/\/www.vinoapartman.com\/wp-content\/uploads\/2020\/12\/foryou1-26-scaled.jpg&#8221; custom_padding=&#8221;9vw|0px|0|0px|false|false&#8221; global_colors_info=&#8221;{}&#8221;][et_pb_row _builder_version=&#8221;4.16&#8243; global_colors_info=&#8221;{}&#8221;][et_pb_column type=&#8221;4_4&#8243; _builder_version=&#8221;4.16&#8243; custom_padding=&#8221;|||&#8221; global_colors_info=&#8221;{}&#8221; custom_padding__hover=&#8221;|||&#8221;][et_pb_text _builder_version=&#8221;4.27.4&#8243; text_font=&#8221;Catamaran||||||||&#8221; text_text_color=&#8221;#4e1422&#8243; header_font=&#8221;Kolker Brush|700|||||||&#8221; header_text_color=&#8221;#000000&#8243; header_font_size=&#8221;80px&#8221; header_line_height=&#8221;1.2em&#8221; header_5_font=&#8221;Raleway|700||on|||||&#8221; header_5_text_color=&#8221;#000000&#8243; header_5_font_size=&#8221;20px&#8221; header_5_letter_spacing=&#8221;0.5em&#8221; header_5_line_height=&#8221;1.8em&#8221; animation_style=&#8221;zoom&#8221; animation_intensity_zoom=&#8221;5%&#8221; header_font_size_tablet=&#8221;48px&#8221; header_font_size_phone=&#8221;32px&#8221; header_font_size_last_edited=&#8221;on|phone&#8221; header_5_font_size_tablet=&#8221;14px&#8221; header_5_font_size_phone=&#8221;12px&#8221; header_5_font_size_last_edited=&#8221;on|desktop&#8221; global_colors_info=&#8221;{}&#8221; sticky_enabled=&#8221;0&#8243; header_letter_spacing=&#8221;2px&#8221;]<\/p>\n<h1>Egerr\u0151l<\/h1>\n<p>[\/et_pb_text][\/et_pb_column][\/et_pb_row][\/et_pb_section][et_pb_section fb_built=&#8221;1&#8243; _builder_version=&#8221;4.27.4&#8243; _module_preset=&#8221;default&#8221; hover_enabled=&#8221;0&#8243; global_colors_info=&#8221;{}&#8221; background_enable_color=&#8221;off&#8221; sticky_enabled=&#8221;0&#8243;][et_pb_row column_structure=&#8221;1_3,1_3,1_3&#8243; _builder_version=&#8221;4.27.4&#8243; _module_preset=&#8221;default&#8221; max_height=&#8221;200px&#8221; custom_margin=&#8221;0px||0px||true|false&#8221; custom_padding=&#8221;0px||0px||true|false&#8221; global_colors_info=&#8221;{}&#8221;][et_pb_column type=&#8221;1_3&#8243; _builder_version=&#8221;4.27.4&#8243; _module_preset=&#8221;default&#8221; global_colors_info=&#8221;{}&#8221;][et_pb_blurb title=&#8221;Vino Apartman, ForYou Apartmanok, Hangulat Apartmanok&#8221; use_icon=&#8221;on&#8221; font_icon=&#8221;&#xe081;||divi||400&#8243; icon_color=&#8221;#c29c61&#8243; icon_placement=&#8221;left&#8221; image_icon_width=&#8221;24px&#8221; _builder_version=&#8221;4.27.4&#8243; header_level=&#8221;h2&#8243; header_font=&#8221;&#8211;et_global_heading_font|700|||||||&#8221; header_text_color=&#8221;#c29c61&#8243; header_font_size=&#8221;18px&#8221; header_line_height=&#8221;1.4em&#8221; text_orientation=&#8221;center&#8221; icon_font_size=&#8221;24px&#8221; locked=&#8221;off&#8221; global_colors_info=&#8221;{}&#8221;][\/et_pb_blurb][\/et_pb_column][et_pb_column type=&#8221;1_3&#8243; _builder_version=&#8221;4.27.4&#8243; _module_preset=&#8221;default&#8221; global_colors_info=&#8221;{}&#8221;][et_pb_blurb title=&#8221;+36 70 339 2337&#8243; use_icon=&#8221;on&#8221; font_icon=&#8221;&#xe090;||divi||400&#8243; icon_color=&#8221;#c29c61&#8243; icon_placement=&#8221;left&#8221; image_icon_width=&#8221;24px&#8221; _builder_version=&#8221;4.16&#8243; header_level=&#8221;h2&#8243; header_font=&#8221;&#8211;et_global_heading_font|700|||||||&#8221; header_text_color=&#8221;#c29c61&#8243; header_font_size=&#8221;18px&#8221; header_line_height=&#8221;1.4em&#8221; text_orientation=&#8221;center&#8221; icon_font_size=&#8221;24px&#8221; locked=&#8221;off&#8221; global_colors_info=&#8221;{}&#8221;][\/et_pb_blurb][\/et_pb_column][et_pb_column type=&#8221;1_3&#8243; _builder_version=&#8221;4.27.4&#8243; _module_preset=&#8221;default&#8221; global_colors_info=&#8221;{}&#8221;][et_pb_blurb title=&#8221;+36 70 334 6277&#8243; use_icon=&#8221;on&#8221; font_icon=&#8221;&#xe090;||divi||400&#8243; icon_color=&#8221;#c29c61&#8243; icon_placement=&#8221;left&#8221; image_icon_width=&#8221;24px&#8221; _builder_version=&#8221;4.16&#8243; header_level=&#8221;h2&#8243; header_font=&#8221;&#8211;et_global_heading_font|700|||||||&#8221; header_text_color=&#8221;#c29c61&#8243; header_font_size=&#8221;18px&#8221; header_line_height=&#8221;1.4em&#8221; text_orientation=&#8221;center&#8221; icon_font_size=&#8221;24px&#8221; locked=&#8221;off&#8221; global_colors_info=&#8221;{}&#8221;][\/et_pb_blurb][\/et_pb_column][\/et_pb_row][\/et_pb_section][et_pb_section fb_built=&#8221;1&#8243; admin_label=&#8221;Header&#8221; _builder_version=&#8221;4.27.4&#8243; custom_margin=&#8221;0px||0px||true|false&#8221; custom_padding=&#8221;0px||0px||true|false&#8221; hover_enabled=&#8221;0&#8243; locked=&#8221;off&#8221; global_colors_info=&#8221;{}&#8221; background_enable_color=&#8221;off&#8221; sticky_enabled=&#8221;0&#8243;][et_pb_row use_custom_gutter=&#8221;on&#8221; make_equal=&#8221;on&#8221; custom_padding_last_edited=&#8221;on|phone&#8221; _builder_version=&#8221;4.27.4&#8243; background_enable_color=&#8221;off&#8221; width=&#8221;100%&#8221; max_width=&#8221;100%&#8221; module_alignment=&#8221;left&#8221; custom_margin=&#8221;|||0px|false&#8221; custom_padding=&#8221;40px|170px|0px|14vw|false|false&#8221; custom_padding_tablet=&#8221;|||10vw&#8221; custom_padding_phone=&#8221;&#8221; animation_style=&#8221;slide&#8221; animation_direction=&#8221;left&#8221; animation_intensity_slide=&#8221;5%&#8221; use_custom_width=&#8221;on&#8221; width_unit=&#8221;off&#8221; custom_width_percent=&#8221;100%&#8221; locked=&#8221;off&#8221; global_colors_info=&#8221;{}&#8221;][et_pb_column type=&#8221;4_4&#8243; _builder_version=&#8221;4.27.4&#8243; background_enable_color=&#8221;off&#8221; custom_padding=&#8221;|||&#8221; custom_padding_tablet=&#8221;40px|||&#8221; custom_padding_phone=&#8221;20px|||&#8221; custom_padding_last_edited=&#8221;off|desktop&#8221; global_colors_info=&#8221;{}&#8221; padding_phone=&#8221;20px|||&#8221; padding_tablet=&#8221;40px|||&#8221; padding_last_edited=&#8221;off|desktop&#8221; custom_padding__hover=&#8221;|||&#8221;][et_pb_text _builder_version=&#8221;4.27.4&#8243; _module_preset=&#8221;default&#8221; text_font=&#8221;&#8211;et_global_body_font|500|||||||&#8221; text_text_color=&#8221;#000000&#8243; text_font_size=&#8221;18px&#8221; text_line_height=&#8221;1.4em&#8221; link_font=&#8221;&#8211;et_global_body_font||||on|||#c29c61|&#8221; link_text_color=&#8221;#c29c61&#8243; header_font=&#8221;||||||||&#8221; header_2_font=&#8221;&#8211;et_global_body_font|700|||||||&#8221; header_2_text_color=&#8221;#000000&#8243; header_2_font_size=&#8221;50px&#8221; header_2_line_height=&#8221;1.4em&#8221; header_6_font=&#8221;Comfortaa|700||on|||||&#8221; header_6_font_size=&#8221;16px&#8221; header_6_letter_spacing=&#8221;5px&#8221; header_6_line_height=&#8221;1.8em&#8221; background_enable_color=&#8221;off&#8221; max_width=&#8221;700px&#8221; module_alignment=&#8221;center&#8221; hover_enabled=&#8221;0&#8243; header_2_font_size_tablet=&#8221;35px&#8221; header_2_font_size_phone=&#8221;25px&#8221; header_2_font_size_last_edited=&#8221;on|phone&#8221; global_colors_info=&#8221;{}&#8221; sticky_enabled=&#8221;0&#8243; header_text_color=&#8221;#000000&#8243; header_6_text_color=&#8221;#000000&#8243;]<\/p>\n<h2>EZ EGER<\/h2>\n<p>&nbsp;<\/p>\n<p>Ezer\u00e9ves t\u00f6rt\u00e9nelem, leny\u0171g\u00f6z\u0151 barokk k\u00f6rnyezet, finom borok, vend\u00e9gszeretet \u00e9s sz\u00ednes programok v\u00e1rj\u00e1k Egerben, Magyarorsz\u00e1g legend\u00e1kkal teli v\u00e1ros\u00e1ban, Budapestt\u0151l mind\u00f6ssze 120 km-re.<\/p>\n<p><a href=\"https:\/\/www.eger.hu\/hu\/varos\/c\/teszt-kezdo-cikk-varoshoz\">https:\/\/www.eger.hu\/hu\/varos\/c\/teszt-kezdo-cikk-varoshoz<\/a><\/p>\n<p>&nbsp;<\/p>\n<h2>FEDEZZE FEL A V\u00c1ROST<\/h2>\n<p>&nbsp;<\/p>\n<p>Egerben mindig van l\u00e1tni \u00e9s tennival\u00f3.<br \/>A l\u00e1tnival\u00f3k mellett rengeteg \u00e9lm\u00e9ny v\u00e1rja, melyek szinte b\u00e1rmikor el\u00e9rhet\u0151ek: f\u00fcrd\u0151z\u00e9s, bring\u00e1z\u00e1s, t\u00far\u00e1z\u00e1s, boroz\u00e1s \u00e9s sok izgalmas lehet\u0151s\u00e9g, amellyel meglephetj\u00fck \u00d6nt is.<\/p>\n<p><a href=\"https:\/\/visiteger.com\/programok\/osszes\">https:\/\/visiteger.com\/programok\/osszes<\/a><\/p>\n<p>&nbsp;<\/p>\n<p>&nbsp;<\/p>\n<p>[\/et_pb_text][et_pb_image src=&#8221;https:\/\/www.vinoapartman.com\/wp-content\/uploads\/2021\/01\/eger.jpg&#8221; title_text=&#8221;eger&#8221; _builder_version=&#8221;4.27.4&#8243; _module_preset=&#8221;default&#8221; width=&#8221;42%&#8221; max_width=&#8221;42%&#8221; module_alignment=&#8221;center&#8221; custom_margin=&#8221;78px|||||&#8221; custom_padding=&#8221;||78px|||&#8221; border_width_all=&#8221;1px&#8221; border_color_all=&#8221;#c29c61&#8243; global_colors_info=&#8221;{}&#8221;][\/et_pb_image][\/et_pb_column][\/et_pb_row][\/et_pb_section]<\/p>\n","protected":false},"excerpt":{"rendered":"<p>ABOUT EGEREZ EGER Thousands of years of history, stunning baroque surroundings, fine wines, hospitality and colourful programmes await you in Eger, Hungary's city of legends, just 120 km from Budapest. https:\/\/www.eger.hu\/hu\/varos\/c\/teszt-kezdo-cikk-varoshoz EXPLORE THE CITY There is always something to see and do in Eger.In addition to the sights, there are plenty of experiences to enjoy at almost any time: swimming, cycling, hiking, wine tasting and many exciting activities to surprise you. https:\/\/visiteger.com\/programok\/osszes &nbsp; &nbsp;<\/p>","protected":false},"author":3,"featured_media":0,"parent":0,"menu_order":0,"comment_status":"closed","ping_status":"closed","template":"","meta":{"_et_pb_use_builder":"on","_et_pb_old_content":"","_et_gb_content_width":"","footnotes":""},"class_list":["post-814","page","type-page","status-publish","hentry"],"_links":{"self":[{"href":"https:\/\/www.vinoapartman.com\/en\/wp-json\/wp\/v2\/pages\/814","targetHints":{"allow":["GET"]}}],"collection":[{"href":"https:\/\/www.vinoapartman.com\/en\/wp-json\/wp\/v2\/pages"}],"about":[{"href":"https:\/\/www.vinoapartman.com\/en\/wp-json\/wp\/v2\/types\/page"}],"author":[{"embeddable":true,"href":"https:\/\/www.vinoapartman.com\/en\/wp-json\/wp\/v2\/users\/3"}],"replies":[{"embeddable":true,"href":"https:\/\/www.vinoapartman.com\/en\/wp-json\/wp\/v2\/comments?post=814"}],"version-history":[{"count":9,"href":"https:\/\/www.vinoapartman.com\/en\/wp-json\/wp\/v2\/pages\/814\/revisions"}],"predecessor-version":[{"id":1221,"href":"https:\/\/www.vinoapartman.com\/en\/wp-json\/wp\/v2\/pages\/814\/revisions\/1221"}],"wp:attachment":[{"href":"https:\/\/www.vinoapartman.com\/en\/wp-json\/wp\/v2\/media?parent=814"}],"curies":[{"name":"wp","href":"https:\/\/api.w.org\/{rel}","templated":true}]}}