{"id":807,"date":"2021-01-20T12:43:13","date_gmt":"2021-01-20T12:43:13","guid":{"rendered":"https:\/\/www.vinoapartman.com\/?page_id=807"},"modified":"2025-03-26T18:43:27","modified_gmt":"2025-03-26T17:43:27","slug":"tips-in-eger","status":"publish","type":"page","link":"https:\/\/www.vinoapartman.com\/en\/tippek-egerben\/","title":{"rendered":"Recommended in Eger"},"content":{"rendered":"<p>[et_pb_section fb_built=&#8221;1&#8243; admin_label=&#8221;Header&#8221; _builder_version=&#8221;4.27.4&#8243; use_background_color_gradient=&#8221;on&#8221; background_color_gradient_type=&#8221;circular&#8221; background_color_gradient_direction_radial=&#8221;top left&#8221; background_color_gradient_stops=&#8221;rgba(255,255,255,0.89) 30%|rgba(255,255,255,0) 80%&#8221; background_color_gradient_overlays_image=&#8221;on&#8221; background_color_gradient_start=&#8221;rgba(255,255,255,0.89)&#8221; background_color_gradient_start_position=&#8221;30%&#8221; background_color_gradient_end=&#8221;rgba(255,255,255,0)&#8221; background_color_gradient_end_position=&#8221;80%&#8221; background_image=&#8221;https:\/\/www.vinoapartman.com\/wp-content\/uploads\/2020\/12\/007-GK-foryou2-4-scaled.jpg&#8221; custom_padding=&#8221;9vw|0px|0|0px|false|false&#8221; global_colors_info=&#8221;{}&#8221;][et_pb_row _builder_version=&#8221;4.16&#8243; global_colors_info=&#8221;{}&#8221;][et_pb_column type=&#8221;4_4&#8243; _builder_version=&#8221;4.16&#8243; custom_padding=&#8221;|||&#8221; global_colors_info=&#8221;{}&#8221; custom_padding__hover=&#8221;|||&#8221;][et_pb_text _builder_version=&#8221;4.27.4&#8243; text_font=&#8221;Catamaran||||||||&#8221; text_text_color=&#8221;#4e1422&#8243; header_font=&#8221;Kolker Brush|700|||||||&#8221; header_text_color=&#8221;#000000&#8243; header_font_size=&#8221;80px&#8221; header_line_height=&#8221;1.2em&#8221; header_5_font=&#8221;Raleway|700||on|||||&#8221; header_5_text_color=&#8221;#000000&#8243; header_5_font_size=&#8221;20px&#8221; header_5_letter_spacing=&#8221;0.5em&#8221; header_5_line_height=&#8221;1.8em&#8221; animation_style=&#8221;zoom&#8221; animation_intensity_zoom=&#8221;5%&#8221; header_font_size_tablet=&#8221;48px&#8221; header_font_size_phone=&#8221;32px&#8221; header_font_size_last_edited=&#8221;on|phone&#8221; header_5_font_size_tablet=&#8221;14px&#8221; header_5_font_size_phone=&#8221;12px&#8221; header_5_font_size_last_edited=&#8221;on|desktop&#8221; global_colors_info=&#8221;{}&#8221; header_letter_spacing=&#8221;2px&#8221;]<\/p>\n<h1>Tippek Egerben<\/h1>\n<p>[\/et_pb_text][\/et_pb_column][\/et_pb_row][\/et_pb_section][et_pb_section fb_built=&#8221;1&#8243; _builder_version=&#8221;4.27.4&#8243; _module_preset=&#8221;default&#8221; hover_enabled=&#8221;0&#8243; global_colors_info=&#8221;{}&#8221; background_enable_color=&#8221;off&#8221; sticky_enabled=&#8221;0&#8243;][et_pb_row column_structure=&#8221;1_3,1_3,1_3&#8243; _builder_version=&#8221;4.27.4&#8243; _module_preset=&#8221;default&#8221; max_height=&#8221;200px&#8221; custom_margin=&#8221;0px||0px||true|false&#8221; custom_padding=&#8221;0px||0px||true|false&#8221; global_colors_info=&#8221;{}&#8221;][et_pb_column type=&#8221;1_3&#8243; _builder_version=&#8221;4.27.4&#8243; _module_preset=&#8221;default&#8221; global_colors_info=&#8221;{}&#8221;][et_pb_blurb title=&#8221;Vino Apartman, ForYou Apartmanok, Hangulat Apartmanok&#8221; use_icon=&#8221;on&#8221; font_icon=&#8221;&#xe081;||divi||400&#8243; icon_color=&#8221;#c29c61&#8243; icon_placement=&#8221;left&#8221; image_icon_width=&#8221;24px&#8221; _builder_version=&#8221;4.27.4&#8243; header_level=&#8221;h2&#8243; header_font=&#8221;&#8211;et_global_heading_font|700|||||||&#8221; header_text_color=&#8221;#c29c61&#8243; header_font_size=&#8221;18px&#8221; header_line_height=&#8221;1.4em&#8221; text_orientation=&#8221;center&#8221; icon_font_size=&#8221;24px&#8221; locked=&#8221;off&#8221; global_colors_info=&#8221;{}&#8221;][\/et_pb_blurb][\/et_pb_column][et_pb_column type=&#8221;1_3&#8243; _builder_version=&#8221;4.27.4&#8243; _module_preset=&#8221;default&#8221; global_colors_info=&#8221;{}&#8221;][et_pb_blurb title=&#8221;+36 70 339 2337&#8243; use_icon=&#8221;on&#8221; font_icon=&#8221;&#xe090;||divi||400&#8243; icon_color=&#8221;#c29c61&#8243; icon_placement=&#8221;left&#8221; image_icon_width=&#8221;24px&#8221; _builder_version=&#8221;4.16&#8243; header_level=&#8221;h2&#8243; header_font=&#8221;&#8211;et_global_heading_font|700|||||||&#8221; header_text_color=&#8221;#c29c61&#8243; header_font_size=&#8221;18px&#8221; header_line_height=&#8221;1.4em&#8221; text_orientation=&#8221;center&#8221; icon_font_size=&#8221;24px&#8221; locked=&#8221;off&#8221; global_colors_info=&#8221;{}&#8221;][\/et_pb_blurb][\/et_pb_column][et_pb_column type=&#8221;1_3&#8243; _builder_version=&#8221;4.27.4&#8243; _module_preset=&#8221;default&#8221; global_colors_info=&#8221;{}&#8221;][et_pb_blurb title=&#8221;+36 70 334 6277&#8243; use_icon=&#8221;on&#8221; font_icon=&#8221;&#xe090;||divi||400&#8243; icon_color=&#8221;#c29c61&#8243; icon_placement=&#8221;left&#8221; image_icon_width=&#8221;24px&#8221; _builder_version=&#8221;4.16&#8243; header_level=&#8221;h2&#8243; header_font=&#8221;&#8211;et_global_heading_font|700|||||||&#8221; header_text_color=&#8221;#c29c61&#8243; header_font_size=&#8221;18px&#8221; header_line_height=&#8221;1.4em&#8221; text_orientation=&#8221;center&#8221; icon_font_size=&#8221;24px&#8221; locked=&#8221;off&#8221; global_colors_info=&#8221;{}&#8221;][\/et_pb_blurb][\/et_pb_column][\/et_pb_row][\/et_pb_section][et_pb_section fb_built=&#8221;1&#8243; admin_label=&#8221;Header&#8221; _builder_version=&#8221;4.27.4&#8243; background_color=&#8221;#000000&#8243; locked=&#8221;off&#8221; global_colors_info=&#8221;{}&#8221;][et_pb_row make_equal=&#8221;on&#8221; custom_padding_last_edited=&#8221;on|desktop&#8221; _builder_version=&#8221;4.27.4&#8243; background_enable_color=&#8221;off&#8221; width=&#8221;100%&#8221; max_width=&#8221;100%&#8221; module_alignment=&#8221;center&#8221; custom_margin=&#8221;||||false|false&#8221; custom_padding=&#8221;||||false|false&#8221; custom_padding_tablet=&#8221;|||10vw&#8221; custom_padding_phone=&#8221;&#8221; animation_style=&#8221;slide&#8221; animation_direction=&#8221;left&#8221; animation_intensity_slide=&#8221;5%&#8221; use_custom_width=&#8221;on&#8221; width_unit=&#8221;off&#8221; custom_width_percent=&#8221;100%&#8221; locked=&#8221;off&#8221; global_colors_info=&#8221;{}&#8221;][et_pb_column type=&#8221;4_4&#8243; _builder_version=&#8221;4.27.4&#8243; custom_padding=&#8221;74px|||&#8221; custom_padding_tablet=&#8221;40px|||&#8221; custom_padding_phone=&#8221;20px|||&#8221; custom_padding_last_edited=&#8221;off|desktop&#8221; global_colors_info=&#8221;{}&#8221; padding_phone=&#8221;20px|||&#8221; padding_tablet=&#8221;40px|||&#8221; padding_last_edited=&#8221;off|desktop&#8221; custom_padding__hover=&#8221;|||&#8221;][et_pb_text _builder_version=&#8221;4.27.4&#8243; _module_preset=&#8221;default&#8221; header_font=&#8221;&#8211;et_global_heading_font||||||||&#8221; header_text_color=&#8221;#FFFFFF&#8221; header_font_size=&#8221;42px&#8221; custom_padding=&#8221;42px||42px|||&#8221; global_colors_info=&#8221;{}&#8221;]<\/p>\n<h1 style=\"text-align: center;\">TIPPEK \u00c9S PROGRAMOK EGERBEN:<\/h1>\n<p>[\/et_pb_text][\/et_pb_column][\/et_pb_row][et_pb_row column_structure=&#8221;1_2,1_2&#8243; use_custom_gutter=&#8221;on&#8221; make_equal=&#8221;on&#8221; custom_padding_last_edited=&#8221;on|phone&#8221; _builder_version=&#8221;4.27.4&#8243; background_enable_color=&#8221;off&#8221; width=&#8221;100%&#8221; max_width=&#8221;100%&#8221; module_alignment=&#8221;left&#8221; custom_margin=&#8221;-26px|auto||0px|false|&#8221; custom_padding=&#8221;40px|170px|0px|14vw|false|false&#8221; custom_padding_tablet=&#8221;|||10vw&#8221; custom_padding_phone=&#8221;&#8221; animation_style=&#8221;slide&#8221; animation_direction=&#8221;left&#8221; animation_intensity_slide=&#8221;5%&#8221; use_custom_width=&#8221;on&#8221; width_unit=&#8221;off&#8221; custom_width_percent=&#8221;100%&#8221; locked=&#8221;off&#8221; global_colors_info=&#8221;{}&#8221;][et_pb_column type=&#8221;1_2&#8243; _builder_version=&#8221;4.27.4&#8243; background_enable_color=&#8221;off&#8221; custom_padding=&#8221;|||&#8221; custom_padding_tablet=&#8221;40px|||&#8221; custom_padding_phone=&#8221;20px|||&#8221; custom_padding_last_edited=&#8221;off|desktop&#8221; global_colors_info=&#8221;{}&#8221; padding_phone=&#8221;20px|||&#8221; padding_tablet=&#8221;40px|||&#8221; padding_last_edited=&#8221;off|desktop&#8221; custom_padding__hover=&#8221;|||&#8221;][et_pb_text _builder_version=&#8221;4.27.4&#8243; _module_preset=&#8221;default&#8221; text_font=&#8221;&#8211;et_global_body_font|500|||||||&#8221; text_text_color=&#8221;#FFFFFF&#8221; text_font_size=&#8221;18px&#8221; text_line_height=&#8221;1.4em&#8221; link_font=&#8221;&#8211;et_global_body_font||||on|||#c29c61|&#8221; link_text_color=&#8221;#c29c61&#8243; header_font=&#8221;||||||||&#8221; header_2_font=&#8221;&#8211;et_global_body_font|700|||||||&#8221; header_2_text_color=&#8221;#FFFFFF&#8221; header_2_font_size=&#8221;50px&#8221; header_2_line_height=&#8221;1.4em&#8221; header_3_font=&#8221;&#8211;et_global_heading_font||||||||&#8221; header_3_text_color=&#8221;#FFFFFF&#8221; header_6_font=&#8221;Comfortaa|700||on|||||&#8221; header_6_font_size=&#8221;16px&#8221; header_6_letter_spacing=&#8221;5px&#8221; header_6_line_height=&#8221;1.8em&#8221; background_enable_color=&#8221;off&#8221; max_width=&#8221;700px&#8221; module_alignment=&#8221;center&#8221; header_2_font_size_tablet=&#8221;35px&#8221; header_2_font_size_phone=&#8221;25px&#8221; header_2_font_size_last_edited=&#8221;on|phone&#8221; global_colors_info=&#8221;{}&#8221;]<\/p>\n<h2 style=\"text-align: center;\">PROGRAMOK EGERBEN:<\/h2>\n<p>&nbsp;<\/p>\n<p>A legfrissebb programlehet\u0151s\u00e9gek\u00e9rt kattints a linkre:<br \/><a href=\"https:\/\/visiteger.com\/programok\/osszes\">https:\/\/visiteger.com\/programok\/osszes<\/a><\/p>\n<p>&nbsp;<\/p>\n<h3 style=\"text-align: center;\">AJ\u00c1NLOTT \u00c9TTERMEK A K\u00d6ZEL\u00dcNKBEN:<\/h3>\n<p>&nbsp;<\/p>\n<p>&#8211; Erla Villa gourmet \u00e9tterem (20m)<br \/><a href=\"https:\/\/www.erlavilla.hu\/etterem\">https:\/\/www.erlavilla.hu\/etterem<\/a><\/p>\n<p>&#8211; Govinda Veget\u00e1ri\u00e1nus \u00e9s Veg\u00e1n \u00e9tterem (100m)<br \/><a href=\"https:\/\/www.govindaeger.hu\/\">https:\/\/www.govindaeger.hu\/<\/a><\/p>\n<p>&#8211; Platzz gyors\u00e9tterem (300m)<br \/><a href=\"https:\/\/platzz.hu\/\">https:\/\/platzz.hu\/<\/a><\/p>\n<p>&#8211; Hippolit Terrace (400m)<br \/><a href=\"https:\/\/www.facebook.com\/hippolitterrace\">https:\/\/www.facebook.com\/hippolitterrace<\/a><\/p>\n<p>&#8211; Mc. Donald&#8217;s (450m)<br \/><a href=\"https:\/\/www.mcdonalds.hu\/ettermeink\/eger-szechenyi-ut-8\">https:\/\/www.mcdonalds.hu\/ettermeink\/eger-szechenyi-ut-8<\/a><\/p>\n<p>&#8211; Bar Italia olasz \u00e9tterem (500m)<br \/><a href=\"https:\/\/hu-hu.facebook.com\/bar.italia.eger\">https:\/\/hu-hu.facebook.com\/bar.italia.eger<\/a><\/p>\n<p>&#8211; HBH Bajor s\u00f6rh\u00e1z \u00e9s \u00e9tterem (500m)<br \/><a href=\"http:\/\/www.hbh-eger.hu\/hbh\/\">http:\/\/www.hbh-eger.hu\/hbh\/<\/a><\/p>\n<p>&#8211; Old Jack&#8217;s Pub \u00e9tterem \u00e9s s\u00f6r\u00f6z\u0151 (\u00e9szakra 900m)<br \/><a href=\"http:\/\/oldjackspub.hu\/\">http:\/\/oldjackspub.hu\/<\/a><\/p>\n<p>&nbsp;<\/p>\n<h3 style=\"text-align: center;\">AJ\u00c1NLOTT K\u00c1V\u00c9Z\u00d3K A K\u00d6ZEL\u00dcNKBEN:<\/h3>\n<p>&nbsp;<\/p>\n<p>&#8211; Depresso &#8211; Csernus doki k\u00e1v\u00e9z\u00f3ja (500m)<br \/><a href=\"https:\/\/depresso.hu\/\">https:\/\/depresso.hu\/<\/a><\/p>\n<p>&#8211; F\u0151t\u00e9r Caf\u00e9 (550m)<br \/><a href=\"http:\/\/www.fotercafe.hu\/\">http:\/\/www.fotercafe.hu\/<\/a><\/p>\n<p>&#8211; Caf\u00e9 Frei (Agria Park) (900m)<br \/><a href=\"https:\/\/agriapark.hu\/uzlet.php?uid=69\">https:\/\/agriapark.hu\/uzlet.php?uid=69<\/a><\/p>\n<p>&nbsp;<\/p>\n<p>&nbsp;<\/p>\n<p>[\/et_pb_text][\/et_pb_column][et_pb_column type=&#8221;1_2&#8243; _builder_version=&#8221;4.27.4&#8243; background_enable_color=&#8221;off&#8221; custom_padding=&#8221;|||&#8221; custom_padding_tablet=&#8221;40px|||&#8221; custom_padding_phone=&#8221;20px|||&#8221; custom_padding_last_edited=&#8221;off|desktop&#8221; global_colors_info=&#8221;{}&#8221; padding_phone=&#8221;20px|||&#8221; padding_tablet=&#8221;40px|||&#8221; padding_last_edited=&#8221;off|desktop&#8221; custom_padding__hover=&#8221;|||&#8221;][et_pb_text _builder_version=&#8221;4.27.4&#8243; _module_preset=&#8221;default&#8221; text_font=&#8221;&#8211;et_global_body_font|500|||||||&#8221; text_text_color=&#8221;#FFFFFF&#8221; text_font_size=&#8221;18px&#8221; text_line_height=&#8221;1.4em&#8221; link_font=&#8221;&#8211;et_global_body_font||||on|||#c29c61|&#8221; link_text_color=&#8221;#c29c61&#8243; header_font=&#8221;||||||||&#8221; header_2_font=&#8221;&#8211;et_global_body_font|700|||||||&#8221; header_2_text_color=&#8221;#FFFFFF&#8221; header_2_font_size=&#8221;50px&#8221; header_2_line_height=&#8221;1.4em&#8221; header_3_font=&#8221;&#8211;et_global_heading_font||||||||&#8221; header_3_text_color=&#8221;#FFFFFF&#8221; header_6_font=&#8221;&#8211;et_global_heading_font|700||on|||||&#8221; header_6_text_color=&#8221;#FFFFFF&#8221; header_6_font_size=&#8221;16px&#8221; header_6_letter_spacing=&#8221;5px&#8221; header_6_line_height=&#8221;1.8em&#8221; background_enable_color=&#8221;off&#8221; max_width=&#8221;700px&#8221; module_alignment=&#8221;center&#8221; header_2_font_size_tablet=&#8221;35px&#8221; header_2_font_size_phone=&#8221;25px&#8221; header_2_font_size_last_edited=&#8221;on|phone&#8221; global_colors_info=&#8221;{}&#8221;]<\/p>\n<h3 style=\"text-align: center;\">AJ\u00c1NLOTT K\u00dcL\u00d6NLEGESS\u00c9GEK A K\u00d6ZEL\u00dcNKBEN:<\/h3>\n<p>&nbsp;<\/p>\n<p>&#8211; Harmos cukr\u00e1szda (250m)<br \/><a href=\"http:\/\/harmoscukraszda.hu\/\">http:\/\/harmoscukraszda.hu\/<\/a><\/p>\n<p>&#8211; Kopcsik Marcip\u00e1nia (400m)<br \/><a href=\"http:\/\/www.kopcsikmarcipania.hu\/\">http:\/\/www.kopcsikmarcipania.hu\/<\/a><\/p>\n<p>&#8211; Minaret (400m)<br \/><a href=\"http:\/\/www.minareteger.hu\/\">http:\/\/www.minareteger.hu\/<\/a><\/p>\n<p>&#8211; G\u00e1l Tibor F\u00fazi\u00f3 &#8211; st\u00edlusos boroz\u00f3 (450m)<br \/><a href=\"https:\/\/galtibor.hu\/fuzio\/\">https:\/\/galtibor.hu\/fuzio\/<\/a><\/p>\n<p>&#8211; Beatles m\u00fazeum (500m)<br \/><a href=\"http:\/\/beatlesmuzeum.hu\/\">http:\/\/beatlesmuzeum.hu\/<\/a><\/p>\n<p>&#8211; L\u00edceum &#8211; Var\u00e1zstorony (850m)<br \/><a href=\"https:\/\/www.varazstorony.hu\/\">https:\/\/www.varazstorony.hu\/<\/a><\/p>\n<p>&#8211; V\u00e1ros a v\u00e1ros alatt (850m)<br \/><a href=\"http:\/\/idoalagut.hu\/\">http:\/\/idoalagut.hu\/<\/a><\/p>\n<p>&#8211; Eger v\u00e1ra (900m)<br \/><a href=\"http:\/\/www.egrivar.hu\/fooldal\">http:\/\/www.egrivar.hu\/fooldal<\/a><\/p>\n<p>&nbsp;<\/p>\n<h3 style=\"text-align: center;\">HASZNOS HELYEK A K\u00d6ZEL\u00dcNKBEN:<\/h3>\n<p>&nbsp;<\/p>\n<p>&#8211; Mini ABC (200m)<\/p>\n<p>&#8211; Taxi \u00e1llom\u00e1s (200m)<\/p>\n<p>&#8211; Numan p\u00e9ks\u00e9g (250m)<\/p>\n<p>&#8211; K\u00f3rh\u00e1zi \u00fcgyelet (250m)<\/p>\n<p>&#8211; Posta (300m)<\/p>\n<p>&#8211; Piac (300m)<\/p>\n<p>&#8211; ABC (300m)<\/p>\n<p>&#8211; Gy\u00f3gyszert\u00e1rak (1-500m)<\/p>\n<p>&#8211; Spar (500m)<\/p>\n<p>&#8211; Tesco, Obi, Lidl, Penny (3000m)<\/p>\n<p>&nbsp;<\/p>\n<p>[\/et_pb_text][\/et_pb_column][\/et_pb_row][\/et_pb_section]<\/p>\n","protected":false},"excerpt":{"rendered":"<p>Tips in EgerTIPS AND PROGRAMMES IN Eger:PROGRAMMES IN Eger: For the latest programme options click on the link:https:\/\/visiteger.com\/programok\/osszes RECOMMENDED RESTAURANTS IN THE NEAR: - Erla Villa gourmet restaurant (20m)https:\/\/www.erlavilla.hu\/etterem - Govinda Vegetarian and Vegan Restaurant (100m)https:\/\/www.govindaeger.hu\/ - Platzz fast food restaurant (300m)https:\/\/platzz.hu\/ - Hippolit Terrace (400m)https:\/\/www.facebook.com\/hippolitterrace - Mc. Donald's (450m)https:\/\/www.mcdonalds.hu\/ettermeink\/eger-szechenyi-ut-8 - Bar Italia Italian Restaurant (500m)https:\/\/hu-hu.facebook.com\/bar.italia.eger - HBH Bavarian Beerhouse and Restaurant (500m)http:\/\/www.hbh-eger.hu\/hbh\/ - Old Jack's Pub Restaurant and Pub (north 900m)http:\/\/oldjackspub.en\/ RECOMMENDED CAF\u00c9 IN THE NEAR: - Depresso - Caf\u00e9 of Doc Csernus (500m)https:\/\/depresso.hu\/ - Main Square Caf\u00e9 (550m)http:\/\/www.fotercafe.hu\/ - Caf\u00e9 Frei (Agria Park) (900m)https:\/\/agriapark.hu\/uzlet.php?uid=69 RECOMMENDED SPECIALITIES IN THE NEAR: - Harmos Confectionery (250m)http:\/\/harmoscukraszda.hu\/ - Kopcsik Marcipania (400m)http:\/\/www.kopcsikmarcipania.hu\/ - Minaret (400m)http:\/\/www.minareteger.hu\/ - G\u00e1l Tibor Fusion - stylish wine bar (450m)https:\/\/galtibor.hu\/fuzio\/ - Beatles museum (500m)http:\/\/beatlesmuzeum.hu\/ - Lyceum - Magic Tower (850m)https:\/\/www.varazstorony.hu\/ - City under the city (850m)http:\/\/idoalagut.hu\/ - Eger Castle (900m)http:\/\/www.egrivar.hu\/fooldal FAVOURITE PLACES IN THE NEAR: - Mini ABC (200m) - Taxi Station (200m) - Numan Bakery (250m) - Hospital (250m) - Post Office (300m) - Market (300m) - ABC (300m) - Pharmacies (1-500m) - Spar (500m) - Tesco, Obi, Lidl, Penny (3000m) &nbsp;<\/p>","protected":false},"author":3,"featured_media":0,"parent":0,"menu_order":0,"comment_status":"closed","ping_status":"closed","template":"","meta":{"_et_pb_use_builder":"on","_et_pb_old_content":"","_et_gb_content_width":"","footnotes":""},"class_list":["post-807","page","type-page","status-publish","hentry"],"_links":{"self":[{"href":"https:\/\/www.vinoapartman.com\/en\/wp-json\/wp\/v2\/pages\/807","targetHints":{"allow":["GET"]}}],"collection":[{"href":"https:\/\/www.vinoapartman.com\/en\/wp-json\/wp\/v2\/pages"}],"about":[{"href":"https:\/\/www.vinoapartman.com\/en\/wp-json\/wp\/v2\/types\/page"}],"author":[{"embeddable":true,"href":"https:\/\/www.vinoapartman.com\/en\/wp-json\/wp\/v2\/users\/3"}],"replies":[{"embeddable":true,"href":"https:\/\/www.vinoapartman.com\/en\/wp-json\/wp\/v2\/comments?post=807"}],"version-history":[{"count":12,"href":"https:\/\/www.vinoapartman.com\/en\/wp-json\/wp\/v2\/pages\/807\/revisions"}],"predecessor-version":[{"id":1222,"href":"https:\/\/www.vinoapartman.com\/en\/wp-json\/wp\/v2\/pages\/807\/revisions\/1222"}],"wp:attachment":[{"href":"https:\/\/www.vinoapartman.com\/en\/wp-json\/wp\/v2\/media?parent=807"}],"curies":[{"name":"wp","href":"https:\/\/api.w.org\/{rel}","templated":true}]}}