{"id":776,"date":"2020-12-10T05:56:17","date_gmt":"2020-12-10T05:56:17","guid":{"rendered":"https:\/\/www.vinoapartman.com\/?page_id=776"},"modified":"2025-03-26T18:59:52","modified_gmt":"2025-03-26T17:59:52","slug":"foryou-apartments-home-policy","status":"publish","type":"page","link":"https:\/\/www.vinoapartman.com\/en\/foryou-apartmanok-hazirend\/","title":{"rendered":"ForYou Apartments Policies"},"content":{"rendered":"<p>[et_pb_section fb_built=&#8221;1&#8243; admin_label=&#8221;Header&#8221; _builder_version=&#8221;4.27.4&#8243; custom_padding=&#8221;||||false|false&#8221; hover_enabled=&#8221;0&#8243; locked=&#8221;off&#8221; global_colors_info=&#8221;{}&#8221; title_text=&#8221;hangulat-2-apartman-eger-IMG_0174&#8243; background_image=&#8221;https:\/\/www.vinoapartman.com\/wp-content\/uploads\/2025\/03\/hangulat-2-apartman-eger-IMG_0174-scaled.jpg&#8221; sticky_enabled=&#8221;0&#8243;][et_pb_row _builder_version=&#8221;4.16&#8243; global_colors_info=&#8221;{}&#8221;][et_pb_column type=&#8221;4_4&#8243; _builder_version=&#8221;4.16&#8243; custom_padding=&#8221;|||&#8221; global_colors_info=&#8221;{}&#8221; custom_padding__hover=&#8221;|||&#8221;][et_pb_text _builder_version=&#8221;4.27.4&#8243; text_font=&#8221;Catamaran||||||||&#8221; text_text_color=&#8221;#4e1422&#8243; header_font=&#8221;Kolker Brush|700|||||||&#8221; header_text_color=&#8221;#000000&#8243; header_font_size=&#8221;80px&#8221; header_letter_spacing=&#8221;2px&#8221; header_line_height=&#8221;1.2em&#8221; header_5_font=&#8221;Raleway|700||on|||||&#8221; header_5_text_color=&#8221;#000000&#8243; header_5_font_size=&#8221;20px&#8221; header_5_letter_spacing=&#8221;0.5em&#8221; header_5_line_height=&#8221;1.8em&#8221; animation_style=&#8221;zoom&#8221; animation_intensity_zoom=&#8221;5%&#8221; hover_enabled=&#8221;0&#8243; header_font_size_tablet=&#8221;48px&#8221; header_font_size_phone=&#8221;32px&#8221; header_font_size_last_edited=&#8221;on|phone&#8221; header_5_font_size_tablet=&#8221;14px&#8221; header_5_font_size_phone=&#8221;12px&#8221; header_5_font_size_last_edited=&#8221;on|desktop&#8221; global_colors_info=&#8221;{}&#8221; background_color=&#8221;rgba(255,255,255,0.61)&#8221; custom_padding=&#8221;20px|20px|20px|20px|true|true&#8221; sticky_enabled=&#8221;0&#8243;]<\/p>\n<h5 style=\"text-align: left;\"><\/h5>\n<h1 style=\"text-align: left;\">ForYou Apartmanok h\u00e1zirend<\/h1>\n<p>[\/et_pb_text][\/et_pb_column][\/et_pb_row][\/et_pb_section][et_pb_section fb_built=&#8221;1&#8243; _builder_version=&#8221;4.27.4&#8243; _module_preset=&#8221;default&#8221; background_color=&#8221;#FFFFFF&#8221; global_colors_info=&#8221;{}&#8221; theme_builder_area=&#8221;post_content&#8221;][et_pb_row column_structure=&#8221;1_3,1_3,1_3&#8243; _builder_version=&#8221;4.27.4&#8243; _module_preset=&#8221;default&#8221; max_height=&#8221;200px&#8221; custom_margin=&#8221;0px||0px||true|false&#8221; custom_padding=&#8221;0px||0px||true|false&#8221; global_colors_info=&#8221;{}&#8221; theme_builder_area=&#8221;post_content&#8221;][et_pb_column type=&#8221;1_3&#8243; _builder_version=&#8221;4.27.4&#8243; _module_preset=&#8221;default&#8221; global_colors_info=&#8221;{}&#8221; theme_builder_area=&#8221;post_content&#8221;][et_pb_blurb title=&#8221;Vino Apartman, ForYou Apartmanok, Hangulat Apartmanok&#8221; use_icon=&#8221;on&#8221; font_icon=&#8221;&#xe081;||divi||400&#8243; icon_color=&#8221;#c29c61&#8243; icon_placement=&#8221;left&#8221; image_icon_width=&#8221;24px&#8221; _builder_version=&#8221;4.27.4&#8243; header_level=&#8221;h2&#8243; header_font=&#8221;&#8211;et_global_heading_font|700|||||||&#8221; header_text_color=&#8221;#c29c61&#8243; header_font_size=&#8221;18px&#8221; header_line_height=&#8221;1.4em&#8221; text_orientation=&#8221;center&#8221; icon_font_size=&#8221;24px&#8221; locked=&#8221;off&#8221; global_colors_info=&#8221;{}&#8221; theme_builder_area=&#8221;post_content&#8221;][\/et_pb_blurb][\/et_pb_column][et_pb_column type=&#8221;1_3&#8243; _builder_version=&#8221;4.27.4&#8243; _module_preset=&#8221;default&#8221; global_colors_info=&#8221;{}&#8221; theme_builder_area=&#8221;post_content&#8221;][et_pb_blurb title=&#8221;+36 70 339 2337&#8243; use_icon=&#8221;on&#8221; font_icon=&#8221;&#xe090;||divi||400&#8243; icon_color=&#8221;#c29c61&#8243; icon_placement=&#8221;left&#8221; image_icon_width=&#8221;24px&#8221; _builder_version=&#8221;4.16&#8243; header_level=&#8221;h2&#8243; header_font=&#8221;&#8211;et_global_heading_font|700|||||||&#8221; header_text_color=&#8221;#c29c61&#8243; header_font_size=&#8221;18px&#8221; header_line_height=&#8221;1.4em&#8221; text_orientation=&#8221;center&#8221; icon_font_size=&#8221;24px&#8221; locked=&#8221;off&#8221; global_colors_info=&#8221;{}&#8221; theme_builder_area=&#8221;post_content&#8221;][\/et_pb_blurb][\/et_pb_column][et_pb_column type=&#8221;1_3&#8243; _builder_version=&#8221;4.27.4&#8243; _module_preset=&#8221;default&#8221; global_colors_info=&#8221;{}&#8221; theme_builder_area=&#8221;post_content&#8221;][et_pb_blurb title=&#8221;+36 70 334 6277&#8243; use_icon=&#8221;on&#8221; font_icon=&#8221;&#xe090;||divi||400&#8243; icon_color=&#8221;#c29c61&#8243; icon_placement=&#8221;left&#8221; image_icon_width=&#8221;24px&#8221; _builder_version=&#8221;4.16&#8243; header_level=&#8221;h2&#8243; header_font=&#8221;&#8211;et_global_heading_font|700|||||||&#8221; header_text_color=&#8221;#c29c61&#8243; header_font_size=&#8221;18px&#8221; header_line_height=&#8221;1.4em&#8221; text_orientation=&#8221;center&#8221; icon_font_size=&#8221;24px&#8221; locked=&#8221;off&#8221; global_colors_info=&#8221;{}&#8221; theme_builder_area=&#8221;post_content&#8221;][\/et_pb_blurb][\/et_pb_column][\/et_pb_row][\/et_pb_section][et_pb_section fb_built=&#8221;1&#8243; _builder_version=&#8221;4.27.4&#8243; _module_preset=&#8221;default&#8221; hover_enabled=&#8221;0&#8243; global_colors_info=&#8221;{}&#8221; background_color=&#8221;#000000&#8243; sticky_enabled=&#8221;0&#8243;][et_pb_row use_custom_gutter=&#8221;on&#8221; make_equal=&#8221;on&#8221; custom_padding_last_edited=&#8221;on|phone&#8221; _builder_version=&#8221;4.27.4&#8243; background_enable_color=&#8221;off&#8221; width=&#8221;100%&#8221; max_width=&#8221;100%&#8221; module_alignment=&#8221;left&#8221; custom_margin=&#8221;|||0px|false&#8221; custom_padding=&#8221;40px|170px|0px|14vw|false|false&#8221; custom_padding_tablet=&#8221;|||10vw&#8221; custom_padding_phone=&#8221;&#8221; animation_style=&#8221;slide&#8221; animation_direction=&#8221;left&#8221; animation_intensity_slide=&#8221;5%&#8221; use_custom_width=&#8221;on&#8221; width_unit=&#8221;off&#8221; custom_width_percent=&#8221;100%&#8221; locked=&#8221;off&#8221; global_colors_info=&#8221;{}&#8221;][et_pb_column type=&#8221;4_4&#8243; _builder_version=&#8221;4.27.4&#8243; background_enable_color=&#8221;off&#8221; custom_padding=&#8221;|||&#8221; custom_padding_tablet=&#8221;40px|||&#8221; custom_padding_phone=&#8221;20px|||&#8221; custom_padding_last_edited=&#8221;off|desktop&#8221; global_colors_info=&#8221;{}&#8221; padding_phone=&#8221;20px|||&#8221; padding_tablet=&#8221;40px|||&#8221; padding_last_edited=&#8221;off|desktop&#8221; custom_padding__hover=&#8221;|||&#8221;][et_pb_text _builder_version=&#8221;4.27.4&#8243; _module_preset=&#8221;default&#8221; text_text_color=&#8221;#FFFFFF&#8221; text_font_size=&#8221;18px&#8221; header_text_color=&#8221;#000000&#8243; hover_enabled=&#8221;0&#8243; global_colors_info=&#8221;{}&#8221; sticky_enabled=&#8221;0&#8243;]<\/p>\n<p style=\"text-align: center;\">Kedves Vend\u00e9g\u00fcnk!<\/p>\n<p style=\"text-align: center;\">Szeretettel k\u00f6sz\u00f6ntj\u00fck a ForYou Apartmanunkban!<\/p>\n<p>Engedje meg, hogy n\u00e9h\u00e1ny fontos tudnival\u00f3t a figyelm\u00e9be aj\u00e1nljunk:<br \/>Az idegenforgalmi ad\u00f3 helysz\u00ednen fizetend\u0151, ennek d\u00edja Egerben 18 \u00e9v feletti szem\u00e9ly eset\u00e9n 580 Ft\/f\u0151\/\u00e9j.<\/p>\n<p><span>Az\u00a0<\/span><span>apartman<\/span><span>\u00a0eset\u00e9ben biztons\u00e1gi\u00a0<\/span><em>kauci\u00f3<\/em><span>\u00a0megfizet\u00e9s\u00e9t k\u00e9rhetj\u00fck a vend\u00e9geinkt\u0151l.\u00a0<\/span><br \/>\u00c9rkez\u00e9s \u00e9s t\u00e1voz\u00e1s:<\/p>\n<p>A szoba elfoglal\u00e1sa: 14.00 &#8211; 21.00 \u00f3r\u00e1ig<br \/>A szoba elhagy\u00e1sa: 6.00 &#8211; 10.00 \u00f3r\u00e1ig (k\u00e9r\u00e9sre esetleg k\u00e9s\u0151bb is)<br \/>(Az apartman kulcs\u00e1t a lak\u00e1sb\u00f3l val\u00f3 v\u00e9gs\u0151 t\u00e1voz\u00e1s ut\u00e1n a postal\u00e1d\u00e1ba k\u00e9rj\u00fck bedobni.)<\/p>\n<p>Seg\u00e9lyh\u00edv\u00f3 telefonsz\u00e1m: 112 (ment\u0151k, rend\u0151rs\u00e9g, t\u0171zolt\u00f3k)<\/p>\n<p>WIFI csatlakoz\u00e1s: felhaszn\u00e1l\u00f3n\u00e9v: ??? jelsz\u00f3: ???<\/p>\n<p>Weboldalunk c\u00edme: https:\/\/www.vinoapartman.com\/foryou-apartmanok\/<\/p>\n<p>SZOLG\u00c1LTAT\u00c1SUNK<br \/>Massz\u00edroz\u00e1si lehet\u0151s\u00e9g a helysz\u00ednen.<br \/>Meleg sz\u00edvvel aj\u00e1nljuk Balogh Magdolna gy\u00f3gymassz\u0151rt. Egyeztessen id\u0151pontot ak\u00e1r rajtunk kereszt\u00fcl, ak\u00e1r<br \/>a massz\u0151r telefonsz\u00e1m\u00e1n \u00e9s h\u00e1zhoz j\u00f6n \u00d6n\u00f6kh\u00f6z! (Tel.: +36204747179)<br \/>Az olajos massz\u00e1zs \u00e1ra: 6000 Ft \/ 60 perc vagy 4000 Ft\/ 30 perc.<\/p>\n<p>EGY\u00c9B TUDNIVAL\u00d3K<br \/>Parkol\u00e1s az apartmanh\u00e1z k\u00f6zvetlen k\u00f6zel\u00e9ben lehets\u00e9ges (Torok k\u00f6z) vagy az utca tetej\u00e9n\u00e9l tal\u00e1lhat\u00f3 kis<br \/>forgalm\u00fa Kov\u00e1cs J\u00e1nos utc\u00e1ban. Mindk\u00e9t lehet\u0151s\u00e9g d\u00edjmentes \u00e9s biztons\u00e1gos.<br \/>Pihen\u0151 id\u0151 alatt k\u00e9rj\u00fck vend\u00e9geinket, hogy mell\u0151zz\u00e9k a hangoskod\u00e1st, a k\u00f6rnyez\u0151 lak\u00f3k v\u00e9delm\u00e9ben. Ez<br \/>Egerben ez 22.00 \u2013 6.00 \u00f3r\u00e1ig tart.<br \/>Nemdoh\u00e1nyz\u00f3 apartmanunkban r\u00e1gy\u00fajtani TILOS, amennyiben doh\u00e1nyozni szeretne, k\u00e9rj\u00fck haszn\u00e1lja az<br \/>erre kijel\u00f6lt helyet! A f\u00fcstjelz\u0151\/t\u0171zolt\u00f3 berendez\u00e9s indokolatlan m\u0171k\u00f6d\u00e9sbe l\u00e9p\u00e9s\u00e9nek k\u00f6vetkezt\u00e9ben<br \/>keletkezett k\u00e1rok\u00e9rt a vend\u00e9g anyagi felel\u0151ss\u00e9ggel tartozik.<br \/>H\u00e1zi\u00e1llatot sajnos nem tudunk fogadni, az apartman adotts\u00e1gaib\u00f3l kifoly\u00f3lag.(kutya, macska egy\u00e9b)<br \/>A l\u00e9gkondicion\u00e1l\u00f3 berendez\u00e9seket k\u00e9rj\u00fck kikapcsolni amikor az apartmant elhagyj\u00e1k!<br \/>B\u00e1rmilyen k\u00e9r\u00e9se, \u00f3haja van \u2013 esetleg az apartmanban tapasztal valami rendellenest vagy \u00e9pp nem tal\u00e1l<br \/>olyan dolgot, amelyre \u00d6nnek sz\u00fcks\u00e9ge lenne \u2013 k\u00e9rem sz\u00f3ljon addig am\u00edg n\u00e1lunk tart\u00f3zkodik, mindenre<br \/>pr\u00f3b\u00e1lunk megold\u00e1st tal\u00e1lni. Azon dolgozunk, hogy \u00d6n \u00e9s csal\u00e1dja\/bar\u00e1tai j\u00f3l \u00e9rezze mag\u00e1t, visszat\u00e9rjen<br \/>hozz\u00e1nk \u00e9s aj\u00e1nljon ismer\u0151seinek is! \uf04a<\/p>\n<p>K\u00f6sz\u00f6nj\u00fck, hogy minket v\u00e1lasztottak, nagyon kellemes pihen\u00e9st k\u00edv\u00e1nunk!<\/p>\n<p style=\"text-align: center;\">Rab Zolt\u00e1n \u00e9s Rab Krisztina<br \/>+36703392337 +36703346277<\/p>\n<p>[\/et_pb_text][\/et_pb_column][\/et_pb_row][\/et_pb_section]<\/p>\n","protected":false},"excerpt":{"rendered":"<p>ForYou Apartmanok h\u00e1zirendKedves Vend\u00e9g\u00fcnk! Szeretettel k\u00f6sz\u00f6ntj\u00fck a ForYou Apartmanunkban! Engedje meg, hogy n\u00e9h\u00e1ny fontos tudnival\u00f3t a figyelm\u00e9be aj\u00e1nljunk:Az idegenforgalmi ad\u00f3 helysz\u00ednen fizetend\u0151, ennek d\u00edja Egerben 18 \u00e9v feletti szem\u00e9ly eset\u00e9n 580 Ft\/f\u0151\/\u00e9j. Az\u00a0apartman\u00a0eset\u00e9ben biztons\u00e1gi\u00a0kauci\u00f3\u00a0megfizet\u00e9s\u00e9t k\u00e9rhetj\u00fck a vend\u00e9geinkt\u0151l.\u00a0\u00c9rkez\u00e9s \u00e9s t\u00e1voz\u00e1s: A szoba elfoglal\u00e1sa: 14.00 &#8211; 21.00 \u00f3r\u00e1igA szoba elhagy\u00e1sa: 6.00 &#8211; 10.00 \u00f3r\u00e1ig (k\u00e9r\u00e9sre esetleg k\u00e9s\u0151bb is)(Az apartman kulcs\u00e1t a lak\u00e1sb\u00f3l val\u00f3 v\u00e9gs\u0151 t\u00e1voz\u00e1s ut\u00e1n a postal\u00e1d\u00e1ba k\u00e9rj\u00fck bedobni.) Seg\u00e9lyh\u00edv\u00f3 telefonsz\u00e1m: 112 (ment\u0151k, rend\u0151rs\u00e9g, t\u0171zolt\u00f3k) WIFI csatlakoz\u00e1s: felhaszn\u00e1l\u00f3n\u00e9v: ??? jelsz\u00f3: ??? Weboldalunk c\u00edme: https:\/\/www.vinoapartman.com\/foryou-apartmanok\/ SZOLG\u00c1LTAT\u00c1SUNKMassz\u00edroz\u00e1si lehet\u0151s\u00e9g a helysz\u00ednen.Meleg sz\u00edvvel aj\u00e1nljuk Balogh Magdolna gy\u00f3gymassz\u0151rt. Egyeztessen id\u0151pontot ak\u00e1r rajtunk kereszt\u00fcl, ak\u00e1ra massz\u0151r telefonsz\u00e1m\u00e1n \u00e9s h\u00e1zhoz j\u00f6n \u00d6n\u00f6kh\u00f6z! (Tel.: +36204747179)Az olajos massz\u00e1zs \u00e1ra: 6000 Ft \/ 60 perc vagy 4000 Ft\/ 30 perc. EGY\u00c9B TUDNIVAL\u00d3KParkol\u00e1s az apartmanh\u00e1z k\u00f6zvetlen k\u00f6zel\u00e9ben lehets\u00e9ges (Torok k\u00f6z) vagy az utca tetej\u00e9n\u00e9l tal\u00e1lhat\u00f3 kisforgalm\u00fa Kov\u00e1cs J\u00e1nos utc\u00e1ban. Mindk\u00e9t lehet\u0151s\u00e9g d\u00edjmentes \u00e9s biztons\u00e1gos.Pihen\u0151 id\u0151 alatt k\u00e9rj\u00fck vend\u00e9geinket, hogy mell\u0151zz\u00e9k a hangoskod\u00e1st, a k\u00f6rnyez\u0151 lak\u00f3k v\u00e9delm\u00e9ben. EzEgerben ez 22.00 \u2013 6.00 \u00f3r\u00e1ig tart.Nemdoh\u00e1nyz\u00f3 apartmanunkban r\u00e1gy\u00fajtani TILOS, amennyiben doh\u00e1nyozni szeretne, k\u00e9rj\u00fck haszn\u00e1lja azerre kijel\u00f6lt helyet! A f\u00fcstjelz\u0151\/t\u0171zolt\u00f3 berendez\u00e9s indokolatlan m\u0171k\u00f6d\u00e9sbe l\u00e9p\u00e9s\u00e9nek k\u00f6vetkezt\u00e9benkeletkezett k\u00e1rok\u00e9rt a vend\u00e9g anyagi felel\u0151ss\u00e9ggel tartozik.H\u00e1zi\u00e1llatot sajnos nem tudunk fogadni, az apartman adotts\u00e1gaib\u00f3l kifoly\u00f3lag.(kutya, macska egy\u00e9b)A l\u00e9gkondicion\u00e1l\u00f3 berendez\u00e9seket k\u00e9rj\u00fck kikapcsolni amikor [&hellip;]<\/p>\n","protected":false},"author":3,"featured_media":0,"parent":0,"menu_order":0,"comment_status":"closed","ping_status":"closed","template":"","meta":{"_et_pb_use_builder":"on","_et_pb_old_content":"","_et_gb_content_width":"","footnotes":""},"class_list":["post-776","page","type-page","status-publish","hentry"],"_links":{"self":[{"href":"https:\/\/www.vinoapartman.com\/en\/wp-json\/wp\/v2\/pages\/776","targetHints":{"allow":["GET"]}}],"collection":[{"href":"https:\/\/www.vinoapartman.com\/en\/wp-json\/wp\/v2\/pages"}],"about":[{"href":"https:\/\/www.vinoapartman.com\/en\/wp-json\/wp\/v2\/types\/page"}],"author":[{"embeddable":true,"href":"https:\/\/www.vinoapartman.com\/en\/wp-json\/wp\/v2\/users\/3"}],"replies":[{"embeddable":true,"href":"https:\/\/www.vinoapartman.com\/en\/wp-json\/wp\/v2\/comments?post=776"}],"version-history":[{"count":8,"href":"https:\/\/www.vinoapartman.com\/en\/wp-json\/wp\/v2\/pages\/776\/revisions"}],"predecessor-version":[{"id":1226,"href":"https:\/\/www.vinoapartman.com\/en\/wp-json\/wp\/v2\/pages\/776\/revisions\/1226"}],"wp:attachment":[{"href":"https:\/\/www.vinoapartman.com\/en\/wp-json\/wp\/v2\/media?parent=776"}],"curies":[{"name":"wp","href":"https:\/\/api.w.org\/{rel}","templated":true}]}}