{"id":723,"date":"2020-12-09T13:09:51","date_gmt":"2020-12-09T13:09:51","guid":{"rendered":"https:\/\/www.vinoapartman.com\/?page_id=723"},"modified":"2026-03-26T16:12:51","modified_gmt":"2026-03-26T15:12:51","slug":"vino-apartment-home-policy","status":"publish","type":"page","link":"https:\/\/www.vinoapartman.com\/en\/vino-apartman-hazirend\/","title":{"rendered":"Vino Apartment Policies"},"content":{"rendered":"<p>[et_pb_section fb_built=&#8221;1&#8243; admin_label=&#8221;Header&#8221; _builder_version=&#8221;4.16&#8243; use_background_color_gradient=&#8221;on&#8221; background_color_gradient_type=&#8221;circular&#8221; background_color_gradient_direction_radial=&#8221;top left&#8221; background_color_gradient_stops=&#8221;rgba(255,224,132,0.8) 4%|rgba(79,26,37,0.66) 24%&#8221; background_color_gradient_overlays_image=&#8221;on&#8221; background_color_gradient_start=&#8221;rgba(255,224,132,0.8)&#8221; background_color_gradient_start_position=&#8221;4%&#8221; background_color_gradient_end=&#8221;rgba(79,26,37,0.66)&#8221; background_color_gradient_end_position=&#8221;24%&#8221; background_enable_image=&#8221;off&#8221; background_size=&#8221;contain&#8221; background_position=&#8221;top_center&#8221; custom_padding=&#8221;8vw|0px|0|0px|false|false&#8221; locked=&#8221;off&#8221; global_colors_info=&#8221;{}&#8221;][et_pb_row _builder_version=&#8221;4.16&#8243; global_colors_info=&#8221;{}&#8221;][et_pb_column type=&#8221;4_4&#8243; _builder_version=&#8221;4.16&#8243; custom_padding=&#8221;|||&#8221; global_colors_info=&#8221;{}&#8221; custom_padding__hover=&#8221;|||&#8221;][et_pb_text _builder_version=&#8221;4.25.2&#8243; text_font=&#8221;||||||||&#8221; header_font=&#8221;Catamaran|700|||||||&#8221; header_text_color=&#8221;#4e1422&#8243; header_font_size=&#8221;80px&#8221; header_line_height=&#8221;1.2em&#8221; header_5_font=&#8221;Raleway|700||on|||||&#8221; header_5_text_color=&#8221;#000000&#8243; header_5_font_size=&#8221;20px&#8221; header_5_letter_spacing=&#8221;0.5em&#8221; header_5_line_height=&#8221;1.8em&#8221; animation_style=&#8221;zoom&#8221; animation_intensity_zoom=&#8221;5%&#8221; header_font_size_tablet=&#8221;48px&#8221; header_font_size_phone=&#8221;32px&#8221; header_font_size_last_edited=&#8221;on|phone&#8221; header_5_font_size_tablet=&#8221;14px&#8221; header_5_font_size_phone=&#8221;12px&#8221; header_5_font_size_last_edited=&#8221;on|desktop&#8221; global_colors_info=&#8221;{}&#8221;]<\/p>\n<h5 style=\"text-align: left;\"><\/h5>\n<h1 style=\"text-align: left;\">Vino Apartman H\u00e1zirend<\/h1>\n<p>[\/et_pb_text][\/et_pb_column][\/et_pb_row][et_pb_row column_structure=&#8221;1_3,1_3,1_3&#8243; make_equal=&#8221;on&#8221; custom_padding_last_edited=&#8221;on|desktop&#8221; _builder_version=&#8221;4.16&#8243; background_color=&#8221;#ffffff&#8221; use_background_color_gradient=&#8221;on&#8221; background_color_gradient_stops=&#8221;#e0d1ba 0%|#e0d1ba 100%&#8221; background_color_gradient_start=&#8221;#e0d1ba&#8221; background_color_gradient_end=&#8221;#e0d1ba&#8221; width=&#8221;100%&#8221; max_width=&#8221;100%&#8221; module_alignment=&#8221;left&#8221; custom_margin=&#8221;8vw||||false&#8221; custom_padding=&#8221;0|0px|0px|15vw|false|false&#8221; custom_padding_tablet=&#8221;|||10vw&#8221; custom_padding_phone=&#8221;&#8221; animation_style=&#8221;slide&#8221; animation_direction=&#8221;left&#8221; animation_intensity_slide=&#8221;5%&#8221; use_custom_width=&#8221;on&#8221; width_unit=&#8221;off&#8221; custom_width_percent=&#8221;100%&#8221; locked=&#8221;off&#8221; global_colors_info=&#8221;{}&#8221;][et_pb_column type=&#8221;1_3&#8243; _builder_version=&#8221;4.16&#8243; custom_padding=&#8221;74px|||&#8221; custom_padding_tablet=&#8221;40px|||&#8221; custom_padding_phone=&#8221;20px|||&#8221; custom_padding_last_edited=&#8221;off|desktop&#8221; global_colors_info=&#8221;{}&#8221; padding_phone=&#8221;20px|||&#8221; padding_tablet=&#8221;40px|||&#8221; padding_last_edited=&#8221;off|desktop&#8221; custom_padding__hover=&#8221;|||&#8221;][et_pb_blurb title=&#8221;Vino Apartman \u00e9s ForYou Apartman&#8221; use_icon=&#8221;on&#8221; font_icon=&#8221;&#xe081;||divi||400&#8243; icon_color=&#8221;#4e1422&#8243; icon_placement=&#8221;left&#8221; image_icon_width=&#8221;24px&#8221; _builder_version=&#8221;4.16&#8243; header_level=&#8221;h5&#8243; header_font=&#8221;Catamaran|700|||||||&#8221; header_text_color=&#8221;#4e1422&#8243; header_line_height=&#8221;1.4em&#8221; icon_font_size=&#8221;24px&#8221; locked=&#8221;off&#8221; global_colors_info=&#8221;{}&#8221;][\/et_pb_blurb][\/et_pb_column][et_pb_column type=&#8221;1_3&#8243; _builder_version=&#8221;4.16&#8243; custom_padding=&#8221;74px|||&#8221; custom_padding_tablet=&#8221;40px|||&#8221; custom_padding_phone=&#8221;20px|||&#8221; custom_padding_last_edited=&#8221;off|desktop&#8221; global_colors_info=&#8221;{}&#8221; padding_phone=&#8221;20px|||&#8221; padding_tablet=&#8221;40px|||&#8221; padding_last_edited=&#8221;off|desktop&#8221; custom_padding__hover=&#8221;|||&#8221;][et_pb_blurb title=&#8221;+36 70 339 2337&#8243; use_icon=&#8221;on&#8221; font_icon=&#8221;&#xe090;||divi||400&#8243; icon_color=&#8221;#4e1422&#8243; icon_placement=&#8221;left&#8221; image_icon_width=&#8221;24px&#8221; _builder_version=&#8221;4.16&#8243; header_level=&#8221;h5&#8243; header_font=&#8221;Catamaran|700|||||||&#8221; header_text_color=&#8221;#4e1422&#8243; header_line_height=&#8221;1.4em&#8221; icon_font_size=&#8221;24px&#8221; locked=&#8221;off&#8221; global_colors_info=&#8221;{}&#8221;][\/et_pb_blurb][\/et_pb_column][et_pb_column type=&#8221;1_3&#8243; _builder_version=&#8221;4.16&#8243; custom_padding=&#8221;74px|||&#8221; custom_padding_tablet=&#8221;40px|||&#8221; custom_padding_phone=&#8221;20px|||&#8221; custom_padding_last_edited=&#8221;off|desktop&#8221; global_colors_info=&#8221;{}&#8221; padding_phone=&#8221;20px|||&#8221; padding_tablet=&#8221;40px|||&#8221; padding_last_edited=&#8221;off|desktop&#8221; custom_padding__hover=&#8221;|||&#8221;][et_pb_blurb title=&#8221;+36 70 334 6277&#8243; use_icon=&#8221;on&#8221; font_icon=&#8221;&#xe090;||divi||400&#8243; icon_color=&#8221;#4e1422&#8243; icon_placement=&#8221;left&#8221; image_icon_width=&#8221;24px&#8221; _builder_version=&#8221;4.16&#8243; header_level=&#8221;h5&#8243; header_font=&#8221;Catamaran|700|||||||&#8221; header_text_color=&#8221;#4e1422&#8243; header_line_height=&#8221;1.4em&#8221; icon_font_size=&#8221;24px&#8221; locked=&#8221;off&#8221; global_colors_info=&#8221;{}&#8221;][\/et_pb_blurb][\/et_pb_column][\/et_pb_row][et_pb_row use_custom_gutter=&#8221;on&#8221; make_equal=&#8221;on&#8221; custom_padding_last_edited=&#8221;on|phone&#8221; _builder_version=&#8221;4.16&#8243; background_color=&#8221;#e0d1ba&#8221; width=&#8221;100%&#8221; max_width=&#8221;100%&#8221; module_alignment=&#8221;left&#8221; custom_margin=&#8221;|||0px|false&#8221; custom_padding=&#8221;40px|170px|0px|14vw|false|false&#8221; custom_padding_tablet=&#8221;|||10vw&#8221; custom_padding_phone=&#8221;&#8221; animation_style=&#8221;slide&#8221; animation_direction=&#8221;left&#8221; animation_intensity_slide=&#8221;5%&#8221; use_custom_width=&#8221;on&#8221; width_unit=&#8221;off&#8221; custom_width_percent=&#8221;100%&#8221; locked=&#8221;off&#8221; global_colors_info=&#8221;{}&#8221;][et_pb_column type=&#8221;4_4&#8243; _builder_version=&#8221;4.16&#8243; background_color=&#8221;#e0d1ba&#8221; custom_padding=&#8221;|||&#8221; custom_padding_tablet=&#8221;40px|||&#8221; custom_padding_phone=&#8221;20px|||&#8221; custom_padding_last_edited=&#8221;off|desktop&#8221; global_colors_info=&#8221;{}&#8221; padding_phone=&#8221;20px|||&#8221; padding_tablet=&#8221;40px|||&#8221; padding_last_edited=&#8221;off|desktop&#8221; custom_padding__hover=&#8221;|||&#8221;][et_pb_text _builder_version=&#8221;4.25.2&#8243; _module_preset=&#8221;default&#8221; global_colors_info=&#8221;{}&#8221;]<\/p>\n<h1 style=\"text-align: center;\">Vino Apartman H\u00e1zirend<\/h1>\n<p>&nbsp;<\/p>\n<p style=\"text-align: center;\">Kedves Vend\u00e9g\u00fcnk!<\/p>\n<p style=\"text-align: center;\">Szeretettel k\u00f6sz\u00f6ntj\u00fck a Vino Apartmanunkban!<\/p>\n<p>Engedje meg, hogy n\u00e9h\u00e1ny fontos tudnival\u00f3t a figyelm\u00e9be aj\u00e1nljunk:<br \/>Az idegenforgalmi ad\u00f3 helysz\u00ednen fizetend\u0151, ennek d\u00edja Egerben 18 \u00e9v feletti szem\u00e9ly eset\u00e9n 580 Ft\/f\u0151\/\u00e9j.<\/p>\n<p><span>Az\u00a0<\/span>apartman<span>\u00a0eset\u00e9ben biztons\u00e1gi\u00a0<\/span><em>kauci\u00f3<\/em><span> megfizet\u00e9s\u00e9t k\u00e9rhetj\u00fck a vend\u00e9geinkt\u0151l.\u00a0<\/span><br \/>\u00c9rkez\u00e9s \u00e9s t\u00e1voz\u00e1s:<\/p>\n<p>A szoba elfoglal\u00e1sa: 14.00 &#8211; 21.00 \u00f3r\u00e1ig<br \/>A szoba elhagy\u00e1sa: 6.00 &#8211; 10.00 \u00f3r\u00e1ig (k\u00e9r\u00e9sre esetleg k\u00e9s\u0151bb is)<\/p>\n<p>(A kapu t\u00e1vir\u00e1ny\u00edt\u00f3j\u00e1t \u00e9s az apartman kulcs\u00e1t az udvarr\u00f3l val\u00f3 t\u00e1voz\u00e1s ut\u00e1n a postal\u00e1d\u00e1ba k\u00e9rj\u00fck bedobni.)<\/p>\n<p>Seg\u00e9lyh\u00edv\u00f3 telefonsz\u00e1m: 112 (ment\u0151k, rend\u0151rs\u00e9g, t\u0171zolt\u00f3k)<br \/>WIFI csatlakoz\u00e1s: felhaszn\u00e1l\u00f3n\u00e9v: VinoApartman jelsz\u00f3: Vendeg1234<br \/>Weboldalunk c\u00edme: www.vinoapartman.com<\/p>\n<p>SZOLG\u00c1LTAT\u00c1SAINK<\/p>\n<p>Tornaterm\u00fcnket 09.00-20.00 \u00f3r\u00e1ig haszn\u00e1lhatj\u00e1k vend\u00e9geink ingyenesen, saj\u00e1t felel\u0151ss\u00e9gre! Ping-pong,<br \/>tollaslabda, falm\u00e1sz\u00e1s, foci, r\u00f6plabda, k\u00f6t\u00e9lm\u00e1sz\u00e1s, kos\u00e1rlabda seg\u00edti a kikapcsol\u00f3d\u00e1st. K\u00e9rj\u00fck tornacip\u0151<br \/>haszn\u00e1lat\u00e1t!<br \/>Pinc\u00e9nkben k\u00e9nyelmesen, val\u00f3di boroz\u00f3s hangulatban k\u00f3stolhatnak kiv\u00e1l\u00f3 egri borokat vagy k\u00f6rny\u00e9kbeli<br \/>termel\u0151k remekeit.\u00a0<br \/>Grillez\u0151 \u00e9s bogr\u00e1csoz\u00f3 hely\u00fcnket is ingyenesen haszn\u00e1lhatj\u00e1k az apartman vend\u00e9gei. Bogr\u00e1csot, grillr\u00e1csot,<br \/>t\u0171zrak\u00e1shoz f\u00e1t tudunk biztos\u00edtani ha sz\u00fcks\u00e9ges. Az elk\u00e9sz\u00edtett \u00e9telt a kertben tal\u00e1lhat\u00f3 teraszon is elfo-<br \/>gyaszthatj\u00e1k, amit szint\u00e9n nyugodtan haszn\u00e1lhatnak.<br \/>D\u00e9zsaf\u00fcrd\u0151: az apartmanok k\u00f6z\u00f6s haszn\u00e1lat\u00fa ter\u00fclet\u00e9n helyezkedik el a kisebb l\u00e9tsz\u00e1m\u00fa bar\u00e1ti \/ rokoni t\u00e1rsas\u00e1g sz\u00e1m\u00e1ra ide\u00e1lis kikapcsol\u00f3d\u00e1si, felfriss\u00fcl\u00e9si lehet\u0151s\u00e9g a d\u00e9zsaf\u00fcrd\u0151, amely plusz szolg\u00e1ltat\u00e1si d\u00edj ellen\u00e9ben haszn\u00e1lhat\u00f3. Egy nap 10.000 Ft (tov\u00e1bbi nap 5.000 Ft)<br \/>Pihen\u0151 id\u0151 alatt k\u00e9rj\u00fck vend\u00e9geinket, hogy mell\u0151zz\u00e9k a hangoskod\u00e1st, a k\u00f6rnyez\u0151 lak\u00f3k v\u00e9delm\u00e9ben. Ez<br \/>Egerben ez 22.00 \u2013 6.00 \u00f3r\u00e1ig tart.<br \/>Nemdoh\u00e1nyz\u00f3 apartmanunkban tilos r\u00e1gy\u00fajtani, amennyiben doh\u00e1nyozni szeretne, k\u00e9rj\u00fck haszn\u00e1lja az erre<br \/>kijel\u00f6lt helyet!<br \/>H\u00e1zi\u00e1llatot fogadunk! (<span>d\u00edja 2.000 Ft\/nap)<\/span><br \/>A l\u00e9gkondicion\u00e1l\u00f3 berendez\u00e9seket k\u00e9rj\u00fck kikapcsolni amikor az apartmant elhagyj\u00e1k!<br \/>B\u00e1rmilyen k\u00e9r\u00e9se, \u00f3haja van \u2013 esetleg az apartmanban tapasztal valami rendellenest vagy \u00e9pp nem tal\u00e1l<br \/>olyan dolgot, amelyre \u00d6nnek sz\u00fcks\u00e9ge lenne \u2013 k\u00e9rem sz\u00f3ljon addig, am\u00edg n\u00e1lunk tart\u00f3zkodik, mindenre<br \/>pr\u00f3b\u00e1lunk megold\u00e1st tal\u00e1lni. Azon dolgozunk, hogy \u00d6n \u00e9s csal\u00e1dja\/bar\u00e1tai j\u00f3l \u00e9rezze mag\u00e1t, visszat\u00e9rjen<br \/>hozz\u00e1nk \u00e9s aj\u00e1nljon ismer\u0151seinek is!<\/p>\n<p>K\u00f6sz\u00f6nj\u00fck, hogy minket v\u00e1lasztottak, nagyon kellemes pihen\u00e9st k\u00edv\u00e1nunk!<\/p>\n<p style=\"text-align: center;\">Rab Zolt\u00e1n \u00e9s Rab Krisztina<\/p>\n<p>[\/et_pb_text][\/et_pb_column][\/et_pb_row][\/et_pb_section]<\/p>\n","protected":false},"excerpt":{"rendered":"<p>Vino Apartman H\u00e1zirendVino Apartman H\u00e1zirend &nbsp; Kedves Vend\u00e9g\u00fcnk! Szeretettel k\u00f6sz\u00f6ntj\u00fck a Vino Apartmanunkban! Engedje meg, hogy n\u00e9h\u00e1ny fontos tudnival\u00f3t a figyelm\u00e9be aj\u00e1nljunk:Az idegenforgalmi ad\u00f3 helysz\u00ednen fizetend\u0151, ennek d\u00edja Egerben 18 \u00e9v feletti szem\u00e9ly eset\u00e9n 580 Ft\/f\u0151\/\u00e9j. Az\u00a0apartman\u00a0eset\u00e9ben biztons\u00e1gi\u00a0kauci\u00f3 megfizet\u00e9s\u00e9t k\u00e9rhetj\u00fck a vend\u00e9geinkt\u0151l.\u00a0\u00c9rkez\u00e9s \u00e9s t\u00e1voz\u00e1s: A szoba elfoglal\u00e1sa: 14.00 &#8211; 21.00 \u00f3r\u00e1igA szoba elhagy\u00e1sa: 6.00 &#8211; 10.00 \u00f3r\u00e1ig (k\u00e9r\u00e9sre esetleg k\u00e9s\u0151bb is) (A kapu t\u00e1vir\u00e1ny\u00edt\u00f3j\u00e1t \u00e9s az apartman kulcs\u00e1t az udvarr\u00f3l val\u00f3 t\u00e1voz\u00e1s ut\u00e1n a postal\u00e1d\u00e1ba k\u00e9rj\u00fck bedobni.) Seg\u00e9lyh\u00edv\u00f3 telefonsz\u00e1m: 112 (ment\u0151k, rend\u0151rs\u00e9g, t\u0171zolt\u00f3k)WIFI csatlakoz\u00e1s: felhaszn\u00e1l\u00f3n\u00e9v: VinoApartman jelsz\u00f3: Vendeg1234Weboldalunk c\u00edme: www.vinoapartman.com SZOLG\u00c1LTAT\u00c1SAINK Tornaterm\u00fcnket 09.00-20.00 \u00f3r\u00e1ig haszn\u00e1lhatj\u00e1k vend\u00e9geink ingyenesen, saj\u00e1t felel\u0151ss\u00e9gre! Ping-pong,tollaslabda, falm\u00e1sz\u00e1s, foci, r\u00f6plabda, k\u00f6t\u00e9lm\u00e1sz\u00e1s, kos\u00e1rlabda seg\u00edti a kikapcsol\u00f3d\u00e1st. K\u00e9rj\u00fck tornacip\u0151haszn\u00e1lat\u00e1t!Pinc\u00e9nkben k\u00e9nyelmesen, val\u00f3di boroz\u00f3s hangulatban k\u00f3stolhatnak kiv\u00e1l\u00f3 egri borokat vagy k\u00f6rny\u00e9kbelitermel\u0151k remekeit.\u00a0Grillez\u0151 \u00e9s bogr\u00e1csoz\u00f3 hely\u00fcnket is ingyenesen haszn\u00e1lhatj\u00e1k az apartman vend\u00e9gei. Bogr\u00e1csot, grillr\u00e1csot,t\u0171zrak\u00e1shoz f\u00e1t tudunk biztos\u00edtani ha sz\u00fcks\u00e9ges. Az elk\u00e9sz\u00edtett \u00e9telt a kertben tal\u00e1lhat\u00f3 teraszon is elfo-gyaszthatj\u00e1k, amit szint\u00e9n nyugodtan haszn\u00e1lhatnak.D\u00e9zsaf\u00fcrd\u0151: az apartmanok k\u00f6z\u00f6s haszn\u00e1lat\u00fa ter\u00fclet\u00e9n helyezkedik el a kisebb l\u00e9tsz\u00e1m\u00fa bar\u00e1ti \/ rokoni t\u00e1rsas\u00e1g sz\u00e1m\u00e1ra ide\u00e1lis kikapcsol\u00f3d\u00e1si, felfriss\u00fcl\u00e9si lehet\u0151s\u00e9g a d\u00e9zsaf\u00fcrd\u0151, amely plusz szolg\u00e1ltat\u00e1si d\u00edj ellen\u00e9ben haszn\u00e1lhat\u00f3. Egy nap 10.000 Ft (tov\u00e1bbi nap 5.000 Ft)Pihen\u0151 id\u0151 alatt k\u00e9rj\u00fck vend\u00e9geinket, hogy mell\u0151zz\u00e9k a hangoskod\u00e1st, a k\u00f6rnyez\u0151 lak\u00f3k v\u00e9delm\u00e9ben. EzEgerben ez 22.00 [&hellip;]<\/p>\n","protected":false},"author":3,"featured_media":0,"parent":0,"menu_order":0,"comment_status":"closed","ping_status":"closed","template":"","meta":{"_et_pb_use_builder":"on","_et_pb_old_content":"","_et_gb_content_width":"","footnotes":""},"class_list":["post-723","page","type-page","status-publish","hentry"],"_links":{"self":[{"href":"https:\/\/www.vinoapartman.com\/en\/wp-json\/wp\/v2\/pages\/723","targetHints":{"allow":["GET"]}}],"collection":[{"href":"https:\/\/www.vinoapartman.com\/en\/wp-json\/wp\/v2\/pages"}],"about":[{"href":"https:\/\/www.vinoapartman.com\/en\/wp-json\/wp\/v2\/types\/page"}],"author":[{"embeddable":true,"href":"https:\/\/www.vinoapartman.com\/en\/wp-json\/wp\/v2\/users\/3"}],"replies":[{"embeddable":true,"href":"https:\/\/www.vinoapartman.com\/en\/wp-json\/wp\/v2\/comments?post=723"}],"version-history":[{"count":9,"href":"https:\/\/www.vinoapartman.com\/en\/wp-json\/wp\/v2\/pages\/723\/revisions"}],"predecessor-version":[{"id":1241,"href":"https:\/\/www.vinoapartman.com\/en\/wp-json\/wp\/v2\/pages\/723\/revisions\/1241"}],"wp:attachment":[{"href":"https:\/\/www.vinoapartman.com\/en\/wp-json\/wp\/v2\/media?parent=723"}],"curies":[{"name":"wp","href":"https:\/\/api.w.org\/{rel}","templated":true}]}}