{"id":392,"date":"2019-09-07T17:15:07","date_gmt":"2019-09-07T17:15:07","guid":{"rendered":"https:\/\/www.vinoapartman.com\/?page_id=392"},"modified":"2020-11-16T15:01:49","modified_gmt":"2020-11-16T15:01:49","slug":"suti-rules","status":"publish","type":"page","link":"https:\/\/www.vinoapartman.com\/en\/suti-szabalyzat\/","title":{"rendered":"Cookie policy"},"content":{"rendered":"<div class=\"cli_pg_page_contaner\">\n<h3>About this cookie policy<\/h3>\n<div>\n<p>Ez a s\u00fcti szab\u00e1lyzat, azt magyar\u00e1zza el, hogy mik azok a s\u00fctik \u00e9s hogyan haszn\u00e1ljuk \u0151ket. Mindah\u00e1ny alkalommal, megl\u00e1togatod a weboldalamat, ott hagyod a virtu\u00e1lis l\u00e1blenyomatodat. Ahhoz, hogy weboldalamat ne csak sz\u00e9pp\u00e9, de hasznoss\u00e1 is tegyem, olyan programokat telep\u00edtettem r\u00e1, amelyek s\u00fctiket haszn\u00e1lnak, vagyis lecsekkolj\u00e1k a k\u00f6vetkez\u0151 adatokat: b\u00f6ng\u00e9sz\u0151 t\u00edpusa \u00e9s verzi\u00f3ja, oper\u00e1ci\u00f3s rendszer, hivatkoz\u00f3 URL-c\u00edm (kor\u00e1bban megtekintett webhely), a hozz\u00e1f\u00e9r\u00e9shez haszn\u00e1lt sz\u00e1m\u00edt\u00f3g\u00e9p IP-c\u00edme, valamint a l\u00e1togat\u00e1s d\u00e1tuma \u00e9s id\u0151pontja.<\/p>\n<p>1.1 Ezeket az adatokat kiz\u00e1r\u00f3lag bels\u0151 \u00e9s statisztikai c\u00e9lokb\u00f3l r\u00f6gz\u00edtj\u00fck.<\/p>\n<p>K\u00fcl\u00f6nb\u00f6z\u0151 t\u00edpus\u00fa cookie-k l\u00e9teznek:<\/p>\n<p>id\u0151leges cookie-k (munkamenet cookie \/ session cookie), amelyek a b\u00f6ng\u00e9sz\u0151 bez\u00e1r\u00e1sakor t\u00f6rl\u0151dnek \u00e9s<\/p>\n<p>\u00e1lland\u00f3 cookie-k, amelyeket a b\u00f6ng\u00e9sz\u0151 nem t\u00f6r\u00f6l, hanem t\u00f6rl\u00e9sig vagy \u00e9rv\u00e9nyess\u00e9g\u00fck lej\u00e1rt\u00e1ig akt\u00edvak maradnak (amely att\u00f3l f\u00fcgg, hogy az oldal fejleszt\u0151je \/ \u00fczemeltet\u0151je milyen id\u0151szakot adott meg a cookie \u00e9lettartamak\u00e9nt).<\/p>\n<p>1.2 Jelen weboldal a k\u00f6vetkez\u0151 k\u00e9tfajta cookie-t haszn\u00e1lhatja:<\/p>\n<p>\u00c1tmeneti (session) cookie: ezek ideiglenes cookie-k, amelyek a Te b\u00f6ng\u00e9sz\u00e9sed v\u00e9g\u00e9ig ker\u00fclnek t\u00e1rol\u00e1sra a cookie file-ban. Ezek a cookie-k elengedhetetlenek a weboldallal kapcsolatos egyes funkcionalit\u00e1sok vagy alkalmaz\u00e1sok megfelel\u0151 m\u0171k\u00f6d\u00e9s\u00e9hez.<\/p>\n<p>\u00c1lland\u00f3 (persistent) cookie: \u00e1lland\u00f3 cookie-t haszn\u00e1lunk a jobb felhaszn\u00e1l\u00f3i \u00e9lm\u00e9ny \u00e9rdek\u00e9ben (pl. optimaliz\u00e1lt navig\u00e1ci\u00f3 ny\u00fajt\u00e1sa, napt\u00e1rakban d\u00e1tumok megjegyz\u00e9se stb.). Ezek a cookie-k hosszabb ideig ker\u00fclnek t\u00e1rol\u00e1sra a b\u00f6ng\u00e9sz\u0151 cookie file-j\u00e1ban. Ennek id\u0151tartama att\u00f3l f\u00fcgg, hogy internetes b\u00f6ng\u00e9sz\u0151dben milyen be\u00e1ll\u00edt\u00e1sokat alkalmazol. Az \u00e1lland\u00f3 cookie-k lehet\u0151v\u00e9 teszik, hogy a web szerverre inform\u00e1ci\u00f3 ker\u00fclj\u00f6n tov\u00e1bb\u00edt\u00e1sra minden olyan esetben, amikor valaki felkeresi a weboldalt.<\/p>\n<p><strong>A cookie-t felhaszn\u00e1l\u00f3 t\u00f6r\u00f6lheti saj\u00e1t sz\u00e1m\u00edt\u00f3g\u00e9p\u00e9r\u0151l, illetve letilthatja b\u00f6ng\u00e9sz\u0151j\u00e9ben azok telep\u00edt\u00e9s\u00e9t, alkalmaz\u00e1s\u00e1t, ugyanakkor a cookie-k letilt\u00e1sa a b\u00f6ng\u00e9sz\u0151 haszn\u00e1lati komfortj\u00e1t befoly\u00e1solhatja, illetve a weboldal m\u0171k\u00f6d\u00e9s\u00e9i probl\u00e9m\u00e1it eredm\u00e9nyezheti.<\/strong><\/p>\n<p>A cookie kezel\u00e9s\u00e9re \u00e1ltal\u00e1ban a b\u00f6ng\u00e9sz\u0151k Eszk\u00f6z\u00f6k\/Be\u00e1ll\u00edt\u00e1sok men\u00fcj\u00e9ben az Adatv\u00e9delem be\u00e1ll\u00edt\u00e1sai alatt, cookie megnevez\u00e9ssel van lehet\u0151s\u00e9g.<\/p>\n<ol start=\"2\">\n<li>Szem\u00e9lyes adatok v\u00e9delme<\/li>\n<\/ol>\n<p>A cookie\u00adk \u00e1ltal gy\u0171jt\u00f6tt adatokat kiz\u00e1r\u00f3lag a felhaszn\u00e1l\u00f3i \u00e9lm\u00e9ny n\u00f6vel\u00e9se, valamint az egyedi felhaszn\u00e1l\u00f3i be\u00e1ll\u00edt\u00e1sok szerinti m\u0171k\u00f6d\u00e9s \u00e9rdek\u00e9ben haszn\u00e1ljuk fel \u00fagy, hogy harmadik f\u00e9l nem juthat hozz\u00e1, tov\u00e1bb\u00e1 az adatokat nem adjuk ki harmadik f\u00e9lnek.<\/p>\n<ol start=\"3\">\n<li><strong>Hogyan t\u00f6r\u00f6lhet\u0151k a cookie-k?<\/strong><\/li>\n<\/ol>\n<p>A legt\u00f6bb b\u00f6ng\u00e9sz\u0151 automatikusan fogadja a cookie-kat.<\/p>\n<p>A cookie-kat a felhaszn\u00e1l\u00f3 a b\u00f6ng\u00e9sz\u0151j\u00e9ben kikapcsolhatja, de ha ezt teszi, sok olyan funkci\u00f3t vesz\u00edthet el, amelyek az oldal megfelel\u0151 haszn\u00e1lat\u00e1hoz sz\u00fcks\u00e9gesek.<\/p>\n<p>Tov\u00e1bbi inform\u00e1ci\u00f3k\u00e9rt a cookiek-ra vonatkoz\u00f3an, l\u00e1togass el a www.aboutcookies.org weboldalra, amely \u00e1tfog\u00f3 \u00e9s f\u00fcggetlen t\u00e1j\u00e9koztat\u00e1st ny\u00fajt a cookie-k letilt\u00e1s\u00e1r\u00f3l a b\u00f6ng\u00e9sz\u0151 be\u00e1ll\u00edt\u00e1saiban, illetve a sz\u00e1m\u00edt\u00f3g\u00e9pen tal\u00e1lhat\u00f3 cookie-k t\u00f6rl\u00e9s\u00e9r\u0151l.<\/p>\n<p>A mobiltelefonon tal\u00e1lhat\u00f3 cookie-k t\u00f6rl\u00e9s\u00e9r\u0151l inf\u00f3kat el a k\u00e9sz\u00fcl\u00e9k haszn\u00e1lati \u00fatmutat\u00f3j\u00e1ban tal\u00e1lsz.<\/p>\n<ol start=\"4\">\n<li><strong>A Cookie-k list\u00e1ja<\/strong><\/li>\n<\/ol>\n<p>A haszn\u00e1lt cookie-k list\u00e1j\u00e1t l\u00e1sd al\u00e1bb:<\/p>\n<table style=\"width: 100%; height: 255px;\" width=\"100%\">\n<thead>\n<tr style=\"height: 51px;\">\n<td style=\"height: 51px;\"><strong>Cookie megnevez\u00e9se<\/strong><\/td>\n<td style=\"height: 51px;\"><strong>Feladata<\/strong><\/td>\n<td style=\"height: 51px;\"><strong>Felt\u00e9tlen\u00fcl sz\u00fcks\u00e9ges?<\/strong><\/td>\n<td style=\"height: 51px;\"><strong>Ideiglenes \/ \u00c1lland\u00f3<\/strong><\/td>\n<\/tr>\n<\/thead>\n<tbody>\n<tr style=\"height: 51px;\">\n<td style=\"height: 51px;\">cookiebar<\/td>\n<td style=\"height: 51px;\">A Cookie szab\u00e1lyzat elfogad\u00e1s\u00e1val kapcsolatos s\u00e1v elrejt\u00e9se.<\/td>\n<td style=\"height: 51px;\">igen<\/td>\n<td style=\"height: 51px;\">\u00e1lland\u00f3 (persistent)<\/td>\n<\/tr>\n<tr style=\"height: 51px;\">\n<td style=\"height: 51px;\">_ga<\/td>\n<td style=\"height: 51px;\">Google Analytics statisztikai rendszer azonos\u00edt\u00f3 cookie.<\/td>\n<td style=\"height: 51px;\">nem<\/td>\n<td style=\"height: 51px;\">\u00e1lland\u00f3 (persistent)<\/td>\n<\/tr>\n<tr style=\"height: 51px;\">\n<td style=\"height: 51px;\">_gid<\/td>\n<td style=\"height: 51px;\">Google Analytics statisztikai rendszer azonos\u00edt\u00f3 cookie 2.<\/td>\n<td style=\"height: 51px;\">nem<\/td>\n<td style=\"height: 51px;\">\u00e1lland\u00f3 (persistent)<\/td>\n<\/tr>\n<tr style=\"height: 51px;\">\n<td style=\"height: 51px;\">ft<\/td>\n<td style=\"height: 51px;\">Facebook Pixel.<\/td>\n<td style=\"height: 51px;\">nem<\/td>\n<td style=\"height: 51px;\">\u00e1lland\u00f3 (persistent)<\/td>\n<\/tr>\n<\/tbody>\n<\/table>\n<p>Jelen\u00a0<strong>S\u00fcti Szab\u00e1lyzat\u00a0<\/strong>\u00e9s az\u00a0<a href=\"https:\/\/loranidesign.com\/adatkezelesi-tajekoztato\/\">Adatkezel\u00e9si T\u00e1j\u00e9koztat\u00f3<\/a>\u00a0elfogad\u00e1s\u00e1val valamint a weboldal l\u00e1togat\u00e1s\u00e1val elfogadod a s\u00fctik haszn\u00e1lat\u00e1t.\u00a0 A s\u00fctik haszn\u00e1lat\u00e1t elfogadhatod a web b\u00f6ng\u00e9sz\u0151ben megadott be\u00e1ll\u00edt\u00e1sokkal is.<\/p>\n<p>Beleegyez\u00e9sed az eg\u00e9sz kuki \u00fcggyel kapcsolatosan csak erre a weboldalra vonatkozik:\u00a0<a href=\"https:\/\/www.vinoapartman.com\/\">https:\/\/www.vinoapartman.com\/<\/a><\/p>\n<\/div>\n<h3>What are cookies ?<\/h3>\n<div>\n<p>Cookies are small text files that are used to store small pieces of information. The cookies are stored on your device when the website is loaded on your browser. These cookies help us make the website function properly, make the website more secure, provide better user experience, and understand how the website performs and to analyze what works and where it needs improvement.<\/p>\n<\/div>\n<h3>How do we use cookies ?<\/h3>\n<div>\n<p>As most of the online services, our website uses cookies first-party and third-party cookies for a number of purposes. The first-party cookies are mostly necessary for the website to function the right way, and they do not collect any of your personally identifiable data.<\/p>\n<p>The third-party cookies used on our websites are used mainly for understanding how the website performs, how you interact with our website, keeping our services secure, providing advertisements that are relevant to you, and all in all providing you with a better and improved user experience and help speed up your future interactions with our website.<\/p>\n<\/div>\n<h3>What types of cookies do we use ?<\/h3>\n<div>\n<p><span style=\"font-weight: bold;\">Essential<\/span>: Some cookies are essential for you to be able to experience the full functionality of our site. They allow us to maintain user sessions and prevent any security threats. They do not collect or store any personal information. For example, these cookies allow you to log-in to your account and add products to your basket and checkout securely.<\/p>\n<p><span style=\"font-weight: bold;\">Statistics:<\/span> These cookies store information like the number of visitors to the website, the number of unique visitors, which pages of the website have been visited, the source of the visit etc. These data help us understand and analyze how well the website performs and where it needs improvement.<\/p>\n<p><span style=\"font-weight: bold;\">Marketing:<\/span> Our website displays advertisements. These cookies are used to personalize the advertisements that we show to you so that they are meaningful to you. These cookies also help us keep track of the efficiency of these ad campaigns.<\/p>\n<p>The information stored in these cookies may also be used by the third-party ad providers to show you ads on other websites on the browser as well.<\/p>\n<p><span style=\"font-weight: bold;\">Functional:<\/span> These are the cookies that help certain non-essential functionalities on our website. These functionalities include embedding content like videos or sharing contents on the website on social media platforms.<\/p>\n<p><span style=\"font-weight: bold;\">Preferences:<\/span> These cookies help us store your settings and browsing preferences like language preferences so that you have a better and efficient experience on future visits to the website.<\/p>\n<p>[cookie_audit columns=&#8221;cookie,description&#8221; heading=&#8221;The below list details the cookies used in our website.&#8221;]<\/p>\n<\/div>\n<h3>How can I control the cookie preferences ?<\/h3>\n<div>\n<p>Should you decide to change your preferences later through your browsing session, you can click on the &#8222;Privacy &amp; Cookie Policy&#8221; tab on your screen. This will display the consent notice again enabling you to change your preferences or withdraw your consent entirely.<\/p>\n<p>In addition to this, different browsers provide different methods to block and delete cookies used by websites. You can change the settings of your browser to block\/delete the cookies. To find out more out more on how to manage and delete cookies, visit <a href=\"https:\/\/en.wikipedia.org\/wiki\/HTTP_cookie\" target=\"_blank\" rel=\"nofollow noopener noreferrer\">wikipedia.org<\/a>, <a href=\"http:\/\/www.allaboutcookies.org\/\" target=\"_blank\" rel=\"nofollow noopener noreferrer\">www.allaboutcookies.org.<\/a><\/p>\n<\/div>\n<\/div>\n","protected":false},"excerpt":{"rendered":"<p>About this cookie policy Ez a s\u00fcti szab\u00e1lyzat, azt magyar\u00e1zza el, hogy mik azok a s\u00fctik \u00e9s hogyan haszn\u00e1ljuk \u0151ket. Mindah\u00e1ny alkalommal, megl\u00e1togatod a weboldalamat, ott hagyod a virtu\u00e1lis l\u00e1blenyomatodat. Ahhoz, hogy weboldalamat ne csak sz\u00e9pp\u00e9, de hasznoss\u00e1 is tegyem, olyan programokat telep\u00edtettem r\u00e1, amelyek s\u00fctiket haszn\u00e1lnak, vagyis lecsekkolj\u00e1k a k\u00f6vetkez\u0151 adatokat: b\u00f6ng\u00e9sz\u0151 t\u00edpusa \u00e9s [&hellip;]<\/p>\n","protected":false},"author":3,"featured_media":0,"parent":0,"menu_order":0,"comment_status":"closed","ping_status":"closed","template":"","meta":{"_et_pb_use_builder":"","_et_pb_old_content":"","_et_gb_content_width":"","footnotes":""},"class_list":["post-392","page","type-page","status-publish","hentry"],"_links":{"self":[{"href":"https:\/\/www.vinoapartman.com\/en\/wp-json\/wp\/v2\/pages\/392","targetHints":{"allow":["GET"]}}],"collection":[{"href":"https:\/\/www.vinoapartman.com\/en\/wp-json\/wp\/v2\/pages"}],"about":[{"href":"https:\/\/www.vinoapartman.com\/en\/wp-json\/wp\/v2\/types\/page"}],"author":[{"embeddable":true,"href":"https:\/\/www.vinoapartman.com\/en\/wp-json\/wp\/v2\/users\/3"}],"replies":[{"embeddable":true,"href":"https:\/\/www.vinoapartman.com\/en\/wp-json\/wp\/v2\/comments?post=392"}],"version-history":[{"count":1,"href":"https:\/\/www.vinoapartman.com\/en\/wp-json\/wp\/v2\/pages\/392\/revisions"}],"predecessor-version":[{"id":393,"href":"https:\/\/www.vinoapartman.com\/en\/wp-json\/wp\/v2\/pages\/392\/revisions\/393"}],"wp:attachment":[{"href":"https:\/\/www.vinoapartman.com\/en\/wp-json\/wp\/v2\/media?parent=392"}],"curies":[{"name":"wp","href":"https:\/\/api.w.org\/{rel}","templated":true}]}}